{"id":11366,"date":"2021-02-24T01:42:27","date_gmt":"2021-02-24T01:42:27","guid":{"rendered":"https:\/\/www.selvatica.com.mx\/?page_id=11366"},"modified":"2024-05-10T16:26:46","modified_gmt":"2024-05-10T16:26:46","slug":"blog-de-la-tribu-aventurera","status":"publish","type":"page","link":"https:\/\/www.selvatica.com.mx\/es\/blog-de-la-tribu-aventurera\/","title":{"rendered":"Blog de la tribu aventurera"},"content":{"rendered":"\t\t<div data-elementor-type=\"wp-page\" data-elementor-id=\"11366\" class=\"elementor elementor-11366 elementor-10581\" data-elementor-post-type=\"page\">\n\t\t\t\t\t\t<section class=\"elementor-section elementor-top-section elementor-element elementor-element-7da3626 elementor-section-boxed elementor-section-height-default elementor-section-height-default\" data-id=\"7da3626\" data-element_type=\"section\" data-e-type=\"section\">\n\t\t\t\t\t\t<div class=\"elementor-container elementor-column-gap-default\">\n\t\t\t\t\t<div class=\"elementor-column elementor-col-100 elementor-top-column elementor-element elementor-element-a7931a8\" data-id=\"a7931a8\" data-element_type=\"column\" data-e-type=\"column\">\n\t\t\t<div class=\"elementor-widget-wrap elementor-element-populated\">\n\t\t\t\t\t\t<div class=\"elementor-element elementor-element-4bdc570 elementor-widget elementor-widget-heading\" data-id=\"4bdc570\" data-element_type=\"widget\" data-e-type=\"widget\" data-widget_type=\"heading.default\">\n\t\t\t\t<div class=\"elementor-widget-container\">\n\t\t\t\t\t<h1 class=\"elementor-heading-title elementor-size-default\">Selvatica, Blog de la Tribu Aventurera<\/h1>\t\t\t\t<\/div>\n\t\t\t\t<\/div>\n\t\t\t\t<div class=\"elementor-element elementor-element-239571f elementor-grid-3 elementor-grid-tablet-2 elementor-grid-mobile-1 elementor-posts--thumbnail-top elementor-widget elementor-widget-posts\" data-id=\"239571f\" data-element_type=\"widget\" data-e-type=\"widget\" data-settings=\"{&quot;pagination_type&quot;:&quot;numbers&quot;,&quot;classic_masonry&quot;:&quot;yes&quot;,&quot;classic_row_gap&quot;:{&quot;unit&quot;:&quot;px&quot;,&quot;size&quot;:30,&quot;sizes&quot;:[]},&quot;classic_columns&quot;:&quot;3&quot;,&quot;classic_columns_tablet&quot;:&quot;2&quot;,&quot;classic_columns_mobile&quot;:&quot;1&quot;,&quot;classic_row_gap_tablet&quot;:{&quot;unit&quot;:&quot;px&quot;,&quot;size&quot;:&quot;&quot;,&quot;sizes&quot;:[]},&quot;classic_row_gap_mobile&quot;:{&quot;unit&quot;:&quot;px&quot;,&quot;size&quot;:&quot;&quot;,&quot;sizes&quot;:[]}}\" data-widget_type=\"posts.classic\">\n\t\t\t\t<div class=\"elementor-widget-container\">\n\t\t\t\t\t\t\t<div class=\"elementor-posts-container elementor-posts elementor-posts--skin-classic elementor-grid\" role=\"list\">\n\t\t\t\t<article class=\"elementor-post elementor-grid-item post-41024 post type-post status-publish format-standard has-post-thumbnail hentry category-sin-categorizar\" role=\"listitem\">\n\t\t\t\t<a class=\"elementor-post__thumbnail__link\" href=\"https:\/\/www.selvatica.com.mx\/es\/vota-selvatica-en-los-world-travel-awards\/\" tabindex=\"-1\">\n\t\t\t<div class=\"elementor-post__thumbnail\"><img decoding=\"async\" width=\"300\" height=\"115\" src=\"https:\/\/images.selvatica.com.mx\/img\/2025\/04\/vota-por-selvatica-en-los-world-travel-awards-2025-1-300x115.jpg\" class=\"attachment-medium size-medium wp-image-41029\" alt=\"vota por selvatica en los world travel awards 2025\" srcset=\"https:\/\/images.selvatica.com.mx\/img\/2025\/04\/vota-por-selvatica-en-los-world-travel-awards-2025-1-300x115.jpg 300w, https:\/\/images.selvatica.com.mx\/img\/2025\/04\/vota-por-selvatica-en-los-world-travel-awards-2025-1-1024x394.jpg 1024w, https:\/\/images.selvatica.com.mx\/img\/2025\/04\/vota-por-selvatica-en-los-world-travel-awards-2025-1-768x295.jpg 768w, https:\/\/images.selvatica.com.mx\/img\/2025\/04\/vota-por-selvatica-en-los-world-travel-awards-2025-1.jpg 1428w\" sizes=\"(max-width: 300px) 100vw, 300px\" \/><\/div>\n\t\t<\/a>\n\t\t\t\t<div class=\"elementor-post__text\">\n\t\t\t\t<h4 class=\"elementor-post__title\">\n\t\t\t<a href=\"https:\/\/www.selvatica.com.mx\/es\/vota-selvatica-en-los-world-travel-awards\/\">\n\t\t\t\t\u00a1Vota por Selvatica en los World Travel Awards 2025!\t\t\t<\/a>\n\t\t<\/h4>\n\t\t\t\t<div class=\"elementor-post__excerpt\">\n\t\t\t<p>\u00a1Vota por Selvatica en los World Travel Awards 2025! Selvatica ha sido nominado una vez [&#8230;]<\/p>\n<p><a class=\"btn btn-secondary understrap-read-more-link\" href=\"https:\/\/www.selvatica.com.mx\/es\/vota-selvatica-en-los-world-travel-awards\/\">Leer m\u00e1s&#8230;<\/a><\/p>\n\t\t<\/div>\n\t\t\n\t\t<a class=\"elementor-post__read-more\" href=\"https:\/\/www.selvatica.com.mx\/es\/vota-selvatica-en-los-world-travel-awards\/\" aria-label=\"M\u00e1s informaci\u00f3n sobre \u00a1Vota por Selvatica en los World Travel Awards 2025!\" tabindex=\"-1\">\n\t\t\tLeer m\u00e1s \u00bb\t\t<\/a>\n\n\t\t\t\t<\/div>\n\t\t\t\t<\/article>\n\t\t\t\t<article class=\"elementor-post elementor-grid-item post-39652 post type-post status-publish format-standard has-post-thumbnail hentry category-sin-categorizar\" role=\"listitem\">\n\t\t\t\t<a class=\"elementor-post__thumbnail__link\" href=\"https:\/\/www.selvatica.com.mx\/es\/que-hacer-un-fin-de-semana-en-cancun\/\" tabindex=\"-1\">\n\t\t\t<div class=\"elementor-post__thumbnail\"><img fetchpriority=\"high\" decoding=\"async\" width=\"300\" height=\"200\" src=\"https:\/\/images.selvatica.com.mx\/img\/2025\/02\/que-hacer-un-fin-de-semana-en-cancun-6-300x200.jpg\" class=\"attachment-medium size-medium wp-image-39654\" alt=\"que hacer un fin de semana en cancun\" srcset=\"https:\/\/images.selvatica.com.mx\/img\/2025\/02\/que-hacer-un-fin-de-semana-en-cancun-6-300x200.jpg 300w, https:\/\/images.selvatica.com.mx\/img\/2025\/02\/que-hacer-un-fin-de-semana-en-cancun-6-1024x683.jpg 1024w, https:\/\/images.selvatica.com.mx\/img\/2025\/02\/que-hacer-un-fin-de-semana-en-cancun-6-768x512.jpg 768w, https:\/\/images.selvatica.com.mx\/img\/2025\/02\/que-hacer-un-fin-de-semana-en-cancun-6.jpg 1184w\" sizes=\"(max-width: 300px) 100vw, 300px\" \/><\/div>\n\t\t<\/a>\n\t\t\t\t<div class=\"elementor-post__text\">\n\t\t\t\t<h4 class=\"elementor-post__title\">\n\t\t\t<a href=\"https:\/\/www.selvatica.com.mx\/es\/que-hacer-un-fin-de-semana-en-cancun\/\">\n\t\t\t\t\u00bfQu\u00e9 Hacer un Fin de Semana en Canc\u00fan?\t\t\t<\/a>\n\t\t<\/h4>\n\t\t\t\t<div class=\"elementor-post__excerpt\">\n\t\t\t<p>\u00bfQu\u00e9 Hacer un Fin de Semana en Canc\u00fan? Canc\u00fan es una ciudad ubicada en la [&#8230;]<\/p>\n<p><a class=\"btn btn-secondary understrap-read-more-link\" href=\"https:\/\/www.selvatica.com.mx\/es\/que-hacer-un-fin-de-semana-en-cancun\/\">Leer m\u00e1s&#8230;<\/a><\/p>\n\t\t<\/div>\n\t\t\n\t\t<a class=\"elementor-post__read-more\" href=\"https:\/\/www.selvatica.com.mx\/es\/que-hacer-un-fin-de-semana-en-cancun\/\" aria-label=\"M\u00e1s informaci\u00f3n sobre \u00bfQu\u00e9 Hacer un Fin de Semana en Canc\u00fan?\" tabindex=\"-1\">\n\t\t\tLeer m\u00e1s \u00bb\t\t<\/a>\n\n\t\t\t\t<\/div>\n\t\t\t\t<\/article>\n\t\t\t\t<article class=\"elementor-post elementor-grid-item post-39241 post type-post status-publish format-standard has-post-thumbnail hentry category-sin-categorizar\" role=\"listitem\">\n\t\t\t\t<a class=\"elementor-post__thumbnail__link\" href=\"https:\/\/www.selvatica.com.mx\/es\/sky-bikes-descuentos-para-quintanarroenses\/\" tabindex=\"-1\">\n\t\t\t<div class=\"elementor-post__thumbnail\"><img decoding=\"async\" width=\"300\" height=\"168\" src=\"https:\/\/images.selvatica.com.mx\/img\/2025\/01\/aventura-en-sky-bikes-con-descuentos-para-quintanarroenses-2-300x168.jpg\" class=\"attachment-medium size-medium wp-image-39243\" alt=\"aventura en sky bikes con descuentos para quintanarroenses\" srcset=\"https:\/\/images.selvatica.com.mx\/img\/2025\/01\/aventura-en-sky-bikes-con-descuentos-para-quintanarroenses-2-300x168.jpg 300w, https:\/\/images.selvatica.com.mx\/img\/2025\/01\/aventura-en-sky-bikes-con-descuentos-para-quintanarroenses-2-1024x574.jpg 1024w, https:\/\/images.selvatica.com.mx\/img\/2025\/01\/aventura-en-sky-bikes-con-descuentos-para-quintanarroenses-2-768x431.jpg 768w, https:\/\/images.selvatica.com.mx\/img\/2025\/01\/aventura-en-sky-bikes-con-descuentos-para-quintanarroenses-2.jpg 1398w\" sizes=\"(max-width: 300px) 100vw, 300px\" \/><\/div>\n\t\t<\/a>\n\t\t\t\t<div class=\"elementor-post__text\">\n\t\t\t\t<h4 class=\"elementor-post__title\">\n\t\t\t<a href=\"https:\/\/www.selvatica.com.mx\/es\/sky-bikes-descuentos-para-quintanarroenses\/\">\n\t\t\t\t\u00a1Aventura en Sky Bikes con Descuentos para Quintanarroenses!\t\t\t<\/a>\n\t\t<\/h4>\n\t\t\t\t<div class=\"elementor-post__excerpt\">\n\t\t\t<p>\u00a1Aventura en Sky Bikes con Descuentos para Quintanarroenses! Si eres residente de Quintana Roo, te [&#8230;]<\/p>\n<p><a class=\"btn btn-secondary understrap-read-more-link\" href=\"https:\/\/www.selvatica.com.mx\/es\/sky-bikes-descuentos-para-quintanarroenses\/\">Leer m\u00e1s&#8230;<\/a><\/p>\n\t\t<\/div>\n\t\t\n\t\t<a class=\"elementor-post__read-more\" href=\"https:\/\/www.selvatica.com.mx\/es\/sky-bikes-descuentos-para-quintanarroenses\/\" aria-label=\"M\u00e1s informaci\u00f3n sobre \u00a1Aventura en Sky Bikes con Descuentos para Quintanarroenses!\" tabindex=\"-1\">\n\t\t\tLeer m\u00e1s \u00bb\t\t<\/a>\n\n\t\t\t\t<\/div>\n\t\t\t\t<\/article>\n\t\t\t\t<article class=\"elementor-post elementor-grid-item post-37919 post type-post status-publish format-standard has-post-thumbnail hentry category-sin-categorizar\" role=\"listitem\">\n\t\t\t\t<a class=\"elementor-post__thumbnail__link\" href=\"https:\/\/www.selvatica.com.mx\/es\/vacaciones-navidenas-en-cancun\/\" tabindex=\"-1\">\n\t\t\t<div class=\"elementor-post__thumbnail\"><img loading=\"lazy\" decoding=\"async\" width=\"300\" height=\"199\" src=\"https:\/\/images.selvatica.com.mx\/img\/2024\/12\/lugares-para-vacaciones-navidenas-en-cancun-5-300x199.jpg\" class=\"attachment-medium size-medium wp-image-38007\" alt=\"pareja disfrutando de unas vacaciones navide\u00f1as en canc\u00fan\" srcset=\"https:\/\/images.selvatica.com.mx\/img\/2024\/12\/lugares-para-vacaciones-navidenas-en-cancun-5-300x199.jpg 300w, https:\/\/images.selvatica.com.mx\/img\/2024\/12\/lugares-para-vacaciones-navidenas-en-cancun-5.jpg 747w\" sizes=\"(max-width: 300px) 100vw, 300px\" \/><\/div>\n\t\t<\/a>\n\t\t\t\t<div class=\"elementor-post__text\">\n\t\t\t\t<h4 class=\"elementor-post__title\">\n\t\t\t<a href=\"https:\/\/www.selvatica.com.mx\/es\/vacaciones-navidenas-en-cancun\/\">\n\t\t\t\t3 Lugares para Vacaciones Navide\u00f1as en Canc\u00fan\t\t\t<\/a>\n\t\t<\/h4>\n\t\t\t\t<div class=\"elementor-post__excerpt\">\n\t\t\t<p>3 Lugares para Vacaciones Navide\u00f1as en Canc\u00fan Las vacaciones navide\u00f1as en Canc\u00fan son sin\u00f3nimo de [&#8230;]<\/p>\n<p><a class=\"btn btn-secondary understrap-read-more-link\" href=\"https:\/\/www.selvatica.com.mx\/es\/vacaciones-navidenas-en-cancun\/\">Leer m\u00e1s&#8230;<\/a><\/p>\n\t\t<\/div>\n\t\t\n\t\t<a class=\"elementor-post__read-more\" href=\"https:\/\/www.selvatica.com.mx\/es\/vacaciones-navidenas-en-cancun\/\" aria-label=\"M\u00e1s informaci\u00f3n sobre 3 Lugares para Vacaciones Navide\u00f1as en Canc\u00fan\" tabindex=\"-1\">\n\t\t\tLeer m\u00e1s \u00bb\t\t<\/a>\n\n\t\t\t\t<\/div>\n\t\t\t\t<\/article>\n\t\t\t\t<article class=\"elementor-post elementor-grid-item post-37777 post type-post status-publish format-standard has-post-thumbnail hentry category-sin-categorizar\" role=\"listitem\">\n\t\t\t\t<a class=\"elementor-post__thumbnail__link\" href=\"https:\/\/www.selvatica.com.mx\/es\/vacaciones-navidenas-en-puerto-morelos\/\" tabindex=\"-1\">\n\t\t\t<div class=\"elementor-post__thumbnail\"><img loading=\"lazy\" decoding=\"async\" width=\"300\" height=\"180\" src=\"https:\/\/images.selvatica.com.mx\/img\/2024\/12\/vacaciones-navidenas-en-puerto-morelos-300x180.jpg\" class=\"attachment-medium size-medium wp-image-37782\" alt=\"Turistas en un tour en Puerto Morelos\" srcset=\"https:\/\/images.selvatica.com.mx\/img\/2024\/12\/vacaciones-navidenas-en-puerto-morelos-300x180.jpg 300w, https:\/\/images.selvatica.com.mx\/img\/2024\/12\/vacaciones-navidenas-en-puerto-morelos-1024x614.jpg 1024w, https:\/\/images.selvatica.com.mx\/img\/2024\/12\/vacaciones-navidenas-en-puerto-morelos-768x460.jpg 768w, https:\/\/images.selvatica.com.mx\/img\/2024\/12\/vacaciones-navidenas-en-puerto-morelos.jpg 1306w\" sizes=\"(max-width: 300px) 100vw, 300px\" \/><\/div>\n\t\t<\/a>\n\t\t\t\t<div class=\"elementor-post__text\">\n\t\t\t\t<h4 class=\"elementor-post__title\">\n\t\t\t<a href=\"https:\/\/www.selvatica.com.mx\/es\/vacaciones-navidenas-en-puerto-morelos\/\">\n\t\t\t\tVacaciones Navide\u00f1as en Puerto Morelos\t\t\t<\/a>\n\t\t<\/h4>\n\t\t\t\t<div class=\"elementor-post__excerpt\">\n\t\t\t<p>Vacaciones Navide\u00f1as en Puerto Morelos Puerto Morelos, un encantador pueblo costero en la Riviera Maya, [&#8230;]<\/p>\n<p><a class=\"btn btn-secondary understrap-read-more-link\" href=\"https:\/\/www.selvatica.com.mx\/es\/vacaciones-navidenas-en-puerto-morelos\/\">Leer m\u00e1s&#8230;<\/a><\/p>\n\t\t<\/div>\n\t\t\n\t\t<a class=\"elementor-post__read-more\" href=\"https:\/\/www.selvatica.com.mx\/es\/vacaciones-navidenas-en-puerto-morelos\/\" aria-label=\"M\u00e1s informaci\u00f3n sobre Vacaciones Navide\u00f1as en Puerto Morelos\" tabindex=\"-1\">\n\t\t\tLeer m\u00e1s \u00bb\t\t<\/a>\n\n\t\t\t\t<\/div>\n\t\t\t\t<\/article>\n\t\t\t\t<article class=\"elementor-post elementor-grid-item post-37757 post type-post status-publish format-standard has-post-thumbnail hentry category-sin-categorizar\" role=\"listitem\">\n\t\t\t\t<a class=\"elementor-post__thumbnail__link\" href=\"https:\/\/www.selvatica.com.mx\/es\/cosas-que-hacer-en-la-riviera-maya\/\" tabindex=\"-1\">\n\t\t\t<div class=\"elementor-post__thumbnail\"><img loading=\"lazy\" decoding=\"async\" width=\"300\" height=\"200\" src=\"https:\/\/images.selvatica.com.mx\/img\/2024\/12\/cosas-que-hacer-en-la-riviera-maya-1-300x200.jpg\" class=\"attachment-medium size-medium wp-image-37758\" alt=\"Turistas disfrutando de actividades extremas en Riviera Maya\" srcset=\"https:\/\/images.selvatica.com.mx\/img\/2024\/12\/cosas-que-hacer-en-la-riviera-maya-1-300x200.jpg 300w, https:\/\/images.selvatica.com.mx\/img\/2024\/12\/cosas-que-hacer-en-la-riviera-maya-1-1024x683.jpg 1024w, https:\/\/images.selvatica.com.mx\/img\/2024\/12\/cosas-que-hacer-en-la-riviera-maya-1-768x512.jpg 768w, https:\/\/images.selvatica.com.mx\/img\/2024\/12\/cosas-que-hacer-en-la-riviera-maya-1.jpg 1200w\" sizes=\"(max-width: 300px) 100vw, 300px\" \/><\/div>\n\t\t<\/a>\n\t\t\t\t<div class=\"elementor-post__text\">\n\t\t\t\t<h4 class=\"elementor-post__title\">\n\t\t\t<a href=\"https:\/\/www.selvatica.com.mx\/es\/cosas-que-hacer-en-la-riviera-maya\/\">\n\t\t\t\t5 Cosas que Hacer en la Riviera Maya\t\t\t<\/a>\n\t\t<\/h4>\n\t\t\t\t<div class=\"elementor-post__excerpt\">\n\t\t\t<p>5 Cosas que Hacer en la Riviera Maya Uno de los principales destinos favoritos de [&#8230;]<\/p>\n<p><a class=\"btn btn-secondary understrap-read-more-link\" href=\"https:\/\/www.selvatica.com.mx\/es\/cosas-que-hacer-en-la-riviera-maya\/\">Leer m\u00e1s&#8230;<\/a><\/p>\n\t\t<\/div>\n\t\t\n\t\t<a class=\"elementor-post__read-more\" href=\"https:\/\/www.selvatica.com.mx\/es\/cosas-que-hacer-en-la-riviera-maya\/\" aria-label=\"M\u00e1s informaci\u00f3n sobre 5 Cosas que Hacer en la Riviera Maya\" tabindex=\"-1\">\n\t\t\tLeer m\u00e1s \u00bb\t\t<\/a>\n\n\t\t\t\t<\/div>\n\t\t\t\t<\/article>\n\t\t\t\t<\/div>\n\t\t\n\t\t\t\t<div class=\"e-load-more-anchor\" data-page=\"1\" data-max-page=\"14\" data-next-page=\"https:\/\/www.selvatica.com.mx\/es\/wp-json\/wp\/v2\/pages\/11366\/page\/2\/\"><\/div>\n\t\t\t\t<nav class=\"elementor-pagination\" aria-label=\"Paginaci\u00f3n\">\n\t\t\t<span aria-current=\"page\" class=\"page-numbers current\"><span class=\"elementor-screen-only\">P\u00e1gina<\/span>1<\/span>\n<a class=\"page-numbers\" href=\"https:\/\/www.selvatica.com.mx\/es\/wp-json\/wp\/v2\/pages\/11366\/page\/2\/\"><span class=\"elementor-screen-only\">P\u00e1gina<\/span>2<\/a>\n<a class=\"page-numbers\" href=\"https:\/\/www.selvatica.com.mx\/es\/wp-json\/wp\/v2\/pages\/11366\/page\/3\/\"><span class=\"elementor-screen-only\">P\u00e1gina<\/span>3<\/a>\n<span class=\"page-numbers dots\">&hellip;<\/span>\n<a class=\"page-numbers\" href=\"https:\/\/www.selvatica.com.mx\/es\/wp-json\/wp\/v2\/pages\/11366\/page\/14\/\"><span class=\"elementor-screen-only\">P\u00e1gina<\/span>14<\/a>\t\t<\/nav>\n\t\t\t\t\t\t<\/div>\n\t\t\t\t<\/div>\n\t\t\t\t\t<\/div>\n\t\t<\/div>\n\t\t\t\t\t<\/div>\n\t\t<\/section>\n\t\t\t\t<\/div>\n\t\t","protected":false},"excerpt":{"rendered":"<p>Selvatica, Blog de la Tribu Aventurera [&#8230;]<\/p>\n<p><a class=\"btn btn-secondary understrap-read-more-link\" href=\"https:\/\/www.selvatica.com.mx\/es\/cosas-que-hacer-en-la-riviera-maya\/\">Leer m\u00e1s&#8230;<\/a><\/p>\n","protected":false},"author":10,"featured_media":0,"parent":0,"menu_order":0,"comment_status":"closed","ping_status":"closed","template":"","meta":{"_acf_changed":false,"footnotes":""},"class_list":["post-11366","page","type-page","status-publish","hentry"],"acf":[],"_links":{"self":[{"href":"https:\/\/www.selvatica.com.mx\/es\/wp-json\/wp\/v2\/pages\/11366","targetHints":{"allow":["GET"]}}],"collection":[{"href":"https:\/\/www.selvatica.com.mx\/es\/wp-json\/wp\/v2\/pages"}],"about":[{"href":"https:\/\/www.selvatica.com.mx\/es\/wp-json\/wp\/v2\/types\/page"}],"author":[{"embeddable":true,"href":"https:\/\/www.selvatica.com.mx\/es\/wp-json\/wp\/v2\/users\/10"}],"replies":[{"embeddable":true,"href":"https:\/\/www.selvatica.com.mx\/es\/wp-json\/wp\/v2\/comments?post=11366"}],"version-history":[{"count":11,"href":"https:\/\/www.selvatica.com.mx\/es\/wp-json\/wp\/v2\/pages\/11366\/revisions"}],"predecessor-version":[{"id":35042,"href":"https:\/\/www.selvatica.com.mx\/es\/wp-json\/wp\/v2\/pages\/11366\/revisions\/35042"}],"wp:attachment":[{"href":"https:\/\/www.selvatica.com.mx\/es\/wp-json\/wp\/v2\/media?parent=11366"}],"curies":[{"name":"wp","href":"https:\/\/api.w.org\/{rel}","templated":true}]}}