{"id":19259,"date":"2023-01-24T18:51:48","date_gmt":"2023-01-24T18:51:48","guid":{"rendered":"https:\/\/www.selvatica.com.mx\/?page_id=19259"},"modified":"2023-01-24T18:51:49","modified_gmt":"2023-01-24T18:51:49","slug":"mapa-del-sitio","status":"publish","type":"page","link":"https:\/\/www.selvatica.com.mx\/es\/mapa-del-sitio\/","title":{"rendered":"Mapa del Sitio"},"content":{"rendered":"\n<div class=\"columns twelve programContent\">\n    <table>\n        <tbody>\n            <tr>\n                <td width=\"295\" valign=\"top\">\n                    <table width=\"100%\" align=\"left\">\n                        <tbody>\n                            <tr>\n                                <td width=\"275\" class=\"programContent\">\n                                    <h2>Aventuras<\/h2>\n                                <\/td>\n                            <\/tr>\n                            <tr>\n                                <td><\/td>\n                            <\/tr>\n                            <tr>\n                                <td>\n                                    <a href=\"\/es\/tour-de-tirolesas-en-riviera-maya\/\">GIMME ALL<\/a>\n                                <\/td>\n                            <\/tr>\n                            <tr>\n                                <td>\n                                    <a href=\"\/es\/tirolesas-y-tour-todo-terreno-en-cancun\/\">OFFROAD<\/a>\n                                <\/td>\n                            <\/tr>\n                            <tr>\n                                <td>\n                                    <a href=\"\/es\/mud-madness-atv-tour-de-mixologia-en-cancun\/\">MUD MADNESS &#038; MIXOLOGY<\/a>\n                                <\/td>\n                            <\/tr>\n                            <tr>\n                                <td>\n                                    <a href=\"\/es\/tour-de-tirolesas-en-cancun\/\">EXTREME CANOPY<\/a>\n                                <\/td>\n                            <\/tr>\n                        <\/tbody>\n                    <\/table>\n                <\/td>\n                <td width=\"10\"><\/td>\n                <td width=\"295\" valign=\"top\">\n                    <table width=\"100%\" border=\"0\">\n                        <tbody>\n                            <tr>\n                                <td width=\"275\" class=\"programContent\">\n                                    <h2>Selv\u00e1tica<\/h2>\n                                <\/td>\n                            <\/tr>\n                            <tr>\n                                <td><\/td>\n                            <\/tr>\n                            <tr>\n                                <td>\n                                    <a href=\"\/es\/tours-en-cancun-y-riviera-maya\/\">Tours<\/a>\n                                <\/td>\n                            <\/tr>\n                            <tr>\n                                <td>\n                                    <a href=\"\/es\/promociones-en-cancun-y-riviera-maya\/\">Promociones<\/a>\n                                <\/td>\n                            <\/tr>\n                            <tr>\n                                <td>\n                                    <a href=\"\/es\/como-llegar-a-selvatica-desde-cancun-riviera-maya\/\">Como llegar<\/a>\n                                <\/td>\n                            <\/tr>\n                            <tr>\n                                <td width=\"275\" class=\"programContent\">\n                                    <h2>Sobre Selv\u00e1tica<\/h2>\n                                <\/td>\n                            <\/tr>\n                            <tr>\n                                <td>\n                                    <a href=\"\/es\/sobre-nosotros\/\">Nosotros<\/a>\n                                <\/td>\n                            <\/tr>\n                            <tr>\n                                <td>\n                                    <a href=\"\/es\/contactanos-para-resevar-un-tour\/\">Cont\u00e1ctanos<\/a>\n                                <\/td>\n                            <\/tr>\n                            <tr>\n                                <td>\n                                    <a href=\"\/es\/aviso-de-privacidad\/\">Aviso de Privacidad<\/a>\n                                <\/td>\n                            <\/tr>\n                            <tr>\n                                <td>\n                                    <a href=\"\/es\/terminos-y-condiciones\/\">T\u00e9rminos y Condiciones<\/a>\n                                <\/td>\n                            <\/tr>\n                            <tr>\n                                <td>\n                                    <a href=\"\/es\/politica-de-cancelacion\/\">Pol\u00edtica de Cancelaci\u00f3n<\/a>\n                                <\/td>\n                            <\/tr>\n                            <tr>\n                                <td width=\"275\" class=\"programContent\">\n                                    <h2>Informaci\u00f3n Adicional<\/h2>\n                                <\/td>\n                            <\/tr>\n                            <tr>\n                                <td>\n                                    <a href=\"\/es\/compromiso-social\/\">Compromiso Social<\/a>\n                                <\/td>\n                            <\/tr>\n                            <tr>\n                                <td>\n                                    <a href=\"\/es\/espacio-seguro\/\">Espacio Seguro<\/a>\n                                <\/td>\n                            <\/tr>\n                            <tr>\n                                <td width=\"275\" class=\"programContent\">\n                                    <h2>Parques Hermanos<\/h2>\n                                <\/td>\n                            <\/tr>\n                            <tr>\n                                <td>\n                                    <a href=\"https:\/\/www.venturapark.com\/\" target=\"_blank\" rel=\"noopener\">Ventura Park<\/a>\n                                <\/td>\n                            <\/tr>\n                            <tr>\n                                <td>\n                                    <a href=\"https:\/\/www.selvamagica.com.mx\/\" target=\"_blank\" rel=\"noopener\">Selva M\u00e1gica<\/a>\n                                <\/td>\n                            <\/tr>\n                            <tr>\n                                <td>\n                                    <a href=\"https:\/\/www.dolphinaris.com\/\" target=\"_blank\" rel=\"noopener\">Dolphinaris<\/a>\n                                <\/td>\n                            <\/tr>\n                        <\/tbody>\n                    <\/table>\n                <\/td>\n            <\/tr>\n        <\/tbody>\n    <\/table>\n<\/div>\n","protected":false},"excerpt":{"rendered":"<p>Aventuras GIMME ALL OFFROAD MUD MADNESS &#038; MIXOLOGY EXTREME CANOPY Selv\u00e1tica Tours Promociones Como llegar Sobre Selv\u00e1tica Nosotros Cont\u00e1ctanos Aviso de Privacidad T\u00e9rminos y Condiciones Pol\u00edtica de Cancelaci\u00f3n Informaci\u00f3n Adicional Compromiso Social Espacio Seguro Parques Hermanos Ventura Park Selva M\u00e1gica Dolphinaris [&#8230;]<\/p>\n<p><a class=\"btn btn-secondary understrap-read-more-link\" href=\"https:\/\/www.selvatica.com.mx\/es\/mapa-del-sitio\/\">Leer m\u00e1s&#8230;<\/a><\/p>\n","protected":false},"author":10,"featured_media":0,"parent":0,"menu_order":0,"comment_status":"closed","ping_status":"closed","template":"","meta":{"_acf_changed":false,"footnotes":""},"class_list":["post-19259","page","type-page","status-publish","hentry"],"acf":[],"_links":{"self":[{"href":"https:\/\/www.selvatica.com.mx\/es\/wp-json\/wp\/v2\/pages\/19259","targetHints":{"allow":["GET"]}}],"collection":[{"href":"https:\/\/www.selvatica.com.mx\/es\/wp-json\/wp\/v2\/pages"}],"about":[{"href":"https:\/\/www.selvatica.com.mx\/es\/wp-json\/wp\/v2\/types\/page"}],"author":[{"embeddable":true,"href":"https:\/\/www.selvatica.com.mx\/es\/wp-json\/wp\/v2\/users\/10"}],"replies":[{"embeddable":true,"href":"https:\/\/www.selvatica.com.mx\/es\/wp-json\/wp\/v2\/comments?post=19259"}],"version-history":[{"count":1,"href":"https:\/\/www.selvatica.com.mx\/es\/wp-json\/wp\/v2\/pages\/19259\/revisions"}],"predecessor-version":[{"id":19260,"href":"https:\/\/www.selvatica.com.mx\/es\/wp-json\/wp\/v2\/pages\/19259\/revisions\/19260"}],"wp:attachment":[{"href":"https:\/\/www.selvatica.com.mx\/es\/wp-json\/wp\/v2\/media?parent=19259"}],"curies":[{"name":"wp","href":"https:\/\/api.w.org\/{rel}","templated":true}]}}