{"id":22030,"date":"2023-03-17T17:42:16","date_gmt":"2023-03-17T17:42:16","guid":{"rendered":"https:\/\/www.selvatica.com.mx\/?page_id=22030"},"modified":"2024-08-14T16:08:07","modified_gmt":"2024-08-14T16:08:07","slug":"preguntas-frecuentes","status":"publish","type":"page","link":"https:\/\/www.selvatica.com.mx\/es\/preguntas-frecuentes\/","title":{"rendered":"Preguntas Frecuentes"},"content":{"rendered":"\t\t<div data-elementor-type=\"wp-page\" data-elementor-id=\"22030\" class=\"elementor elementor-22030\" data-elementor-post-type=\"page\">\n\t\t\t\t\t\t<section class=\"elementor-section elementor-top-section elementor-element elementor-element-4d71fcea elementor-section-boxed elementor-section-height-default elementor-section-height-default\" data-id=\"4d71fcea\" data-element_type=\"section\">\n\t\t\t\t\t\t<div class=\"elementor-container elementor-column-gap-default\">\n\t\t\t\t\t<div class=\"elementor-column elementor-col-100 elementor-top-column elementor-element elementor-element-21db867a\" data-id=\"21db867a\" data-element_type=\"column\">\n\t\t\t<div class=\"elementor-widget-wrap elementor-element-populated\">\n\t\t\t\t\t\t<div class=\"elementor-element elementor-element-6938b62d elementor-widget elementor-widget-heading\" data-id=\"6938b62d\" data-element_type=\"widget\" data-widget_type=\"heading.default\">\n\t\t\t\t<div class=\"elementor-widget-container\">\n\t\t\t\t\t<h2 class=\"elementor-heading-title elementor-size-default\">Preguntas Frecuentes de Selvatica<\/h2>\t\t\t\t<\/div>\n\t\t\t\t<\/div>\n\t\t\t\t\t<\/div>\n\t\t<\/div>\n\t\t\t\t\t<\/div>\n\t\t<\/section>\n\t\t\t\t<section class=\"elementor-section elementor-top-section elementor-element elementor-element-431c90f9 elementor-section-boxed elementor-section-height-default elementor-section-height-default\" data-id=\"431c90f9\" data-element_type=\"section\">\n\t\t\t\t\t\t<div class=\"elementor-container elementor-column-gap-default\">\n\t\t\t\t\t<div class=\"elementor-column elementor-col-100 elementor-top-column elementor-element elementor-element-70cdebc0\" data-id=\"70cdebc0\" data-element_type=\"column\">\n\t\t\t<div class=\"elementor-widget-wrap elementor-element-populated\">\n\t\t\t\t\t\t<div class=\"elementor-element elementor-element-45fa8142 elementor-widget elementor-widget-eael-adv-accordion\" data-id=\"45fa8142\" data-element_type=\"widget\" data-widget_type=\"eael-adv-accordion.default\">\n\t\t\t\t<div class=\"elementor-widget-container\">\n\t\t\t\t\t        <div class=\"eael-adv-accordion\" id=\"eael-adv-accordion-45fa8142\" data-scroll-on-click=\"no\" data-scroll-speed=\"300\" data-accordion-id=\"45fa8142\" data-accordion-type=\"accordion\" data-toogle-speed=\"300\">\n    <div class=\"eael-accordion-list\">\n                <div id=\"apartirEdad\" class=\"elementor-tab-title eael-accordion-header\" tabindex=\"0\" data-tab=\"1\" aria-controls=\"elementor-tab-content-1171\"><span class=\"eael-advanced-accordion-icon-closed\"><\/span><span class=\"eael-advanced-accordion-icon-opened\"><\/span><span class=\"eael-accordion-tab-title\">\u00bfA partir de qu\u00e9 edad puedo participar en Selv\u00e1tica?<\/span><svg aria-hidden=\"true\" class=\"fa-toggle e-font-icon-svg e-fas-angle-right\" viewBox=\"0 0 256 512\" xmlns=\"http:\/\/www.w3.org\/2000\/svg\"><path d=\"M224.3 273l-136 136c-9.4 9.4-24.6 9.4-33.9 0l-22.6-22.6c-9.4-9.4-9.4-24.6 0-33.9l96.4-96.4-96.4-96.4c-9.4-9.4-9.4-24.6 0-33.9L54.3 103c9.4-9.4 24.6-9.4 33.9 0l136 136c9.5 9.4 9.5 24.6.1 34z\"><\/path><\/svg><\/div><div id=\"elementor-tab-content-1171\" class=\"eael-accordion-content clearfix\" data-tab=\"1\" aria-labelledby=\"apartirEdad\"><p>Para nuestro Extreme Canopy 3 a\u00f1os es la edad m\u00ednima a partir de los 3 y hasta los 11 pagar\u00e1s admisi\u00f3n de menor y a partir de los 12 a\u00f1os pagar\u00e1s admisi\u00f3n de adulto<\/p><p>\u00a0<\/p><p>Para Off Road Polaris, Mud Madness y Gimme all, la edad m\u00ednima es de 8 a\u00f1os, a partir de los 8 y hasta los 15 a\u00f1os pagar\u00e1s admisi\u00f3n de menor y a partir de los 16 a\u00f1os deber\u00e1s pagar admisi\u00f3n de adulto.<\/p><\/div>\n                <\/div><div class=\"eael-accordion-list\">\n                <div id=\"existe-alguna-edad-mnima-para-manejar-los-atv-yo-polaris\" class=\"elementor-tab-title eael-accordion-header\" tabindex=\"0\" data-tab=\"2\" aria-controls=\"elementor-tab-content-1172\"><span class=\"eael-advanced-accordion-icon-closed\"><\/span><span class=\"eael-advanced-accordion-icon-opened\"><\/span><span class=\"eael-accordion-tab-title\">\u00bfExiste alguna edad m\u00ednima para manejar los ATV y\/o Polaris?<\/span><svg aria-hidden=\"true\" class=\"fa-toggle e-font-icon-svg e-fas-angle-right\" viewBox=\"0 0 256 512\" xmlns=\"http:\/\/www.w3.org\/2000\/svg\"><path d=\"M224.3 273l-136 136c-9.4 9.4-24.6 9.4-33.9 0l-22.6-22.6c-9.4-9.4-9.4-24.6 0-33.9l96.4-96.4-96.4-96.4c-9.4-9.4-9.4-24.6 0-33.9L54.3 103c9.4-9.4 24.6-9.4 33.9 0l136 136c9.5 9.4 9.5 24.6.1 34z\"><\/path><\/svg><\/div><div id=\"elementor-tab-content-1172\" class=\"eael-accordion-content clearfix\" data-tab=\"2\" aria-labelledby=\"existe-alguna-edad-mnima-para-manejar-los-atv-yo-polaris\"><p>Si nunca has manejado un ATV o un Polaris no es impedimento para vivir la experiencia, solo debes contar con la edad m\u00ednima de 16 a\u00f1os para poder conducirlos y tener vigente tu licencia de conducir. Menores de 16 a\u00f1os pueden ir como copilotos.<\/p><\/div>\n                <\/div><div class=\"eael-accordion-list\">\n                <div id=\"cunto-tiempo-dura-el-recorrido-de-atvs\" class=\"elementor-tab-title eael-accordion-header\" tabindex=\"0\" data-tab=\"3\" aria-controls=\"elementor-tab-content-1173\"><span class=\"eael-advanced-accordion-icon-closed\"><\/span><span class=\"eael-advanced-accordion-icon-opened\"><\/span><span class=\"eael-accordion-tab-title\">\u00bfCu\u00e1nto tiempo dura el recorrido de ATV\u2019s?<\/span><svg aria-hidden=\"true\" class=\"fa-toggle e-font-icon-svg e-fas-angle-right\" viewBox=\"0 0 256 512\" xmlns=\"http:\/\/www.w3.org\/2000\/svg\"><path d=\"M224.3 273l-136 136c-9.4 9.4-24.6 9.4-33.9 0l-22.6-22.6c-9.4-9.4-9.4-24.6 0-33.9l96.4-96.4-96.4-96.4c-9.4-9.4-9.4-24.6 0-33.9L54.3 103c9.4-9.4 24.6-9.4 33.9 0l136 136c9.5 9.4 9.5 24.6.1 34z\"><\/path><\/svg><\/div><div id=\"elementor-tab-content-1173\" class=\"eael-accordion-content clearfix\" data-tab=\"3\" aria-labelledby=\"cunto-tiempo-dura-el-recorrido-de-atvs\"><p>El tiempo de recorrido depender\u00e1 del tour que elijas el cual puede variar entre los 20 y 35 min. Dependiendo que tan r\u00e1pido.<\/p><\/div>\n                <\/div><div class=\"eael-accordion-list\">\n                <div id=\"cul-es-el-peso-mximo-de-las-tirolesas\" class=\"elementor-tab-title eael-accordion-header\" tabindex=\"0\" data-tab=\"4\" aria-controls=\"elementor-tab-content-1174\"><span class=\"eael-advanced-accordion-icon-closed\"><\/span><span class=\"eael-advanced-accordion-icon-opened\"><\/span><span class=\"eael-accordion-tab-title\">\u00bfCu\u00e1l es el peso m\u00e1ximo de las tirolesas?<\/span><svg aria-hidden=\"true\" class=\"fa-toggle e-font-icon-svg e-fas-angle-right\" viewBox=\"0 0 256 512\" xmlns=\"http:\/\/www.w3.org\/2000\/svg\"><path d=\"M224.3 273l-136 136c-9.4 9.4-24.6 9.4-33.9 0l-22.6-22.6c-9.4-9.4-9.4-24.6 0-33.9l96.4-96.4-96.4-96.4c-9.4-9.4-9.4-24.6 0-33.9L54.3 103c9.4-9.4 24.6-9.4 33.9 0l136 136c9.5 9.4 9.5 24.6.1 34z\"><\/path><\/svg><\/div><div id=\"elementor-tab-content-1174\" class=\"eael-accordion-content clearfix\" data-tab=\"4\" aria-labelledby=\"cul-es-el-peso-mximo-de-las-tirolesas\"><p><span style=\"font-weight: 400;\">En tirolesas el m\u00e1ximo es de 330 libras o 150kg, Tarzania y Super flight 245 libras o 110 kg.<\/span><\/p><\/div>\n                <\/div><div class=\"eael-accordion-list\">\n                <div id=\"mi-reserva-incluye-alimentos\" class=\"elementor-tab-title eael-accordion-header\" tabindex=\"0\" data-tab=\"5\" aria-controls=\"elementor-tab-content-1175\"><span class=\"eael-advanced-accordion-icon-closed\"><\/span><span class=\"eael-advanced-accordion-icon-opened\"><\/span><span class=\"eael-accordion-tab-title\">\u00bfMi reserva incluye alimentos?<\/span><svg aria-hidden=\"true\" class=\"fa-toggle e-font-icon-svg e-fas-angle-right\" viewBox=\"0 0 256 512\" xmlns=\"http:\/\/www.w3.org\/2000\/svg\"><path d=\"M224.3 273l-136 136c-9.4 9.4-24.6 9.4-33.9 0l-22.6-22.6c-9.4-9.4-9.4-24.6 0-33.9l96.4-96.4-96.4-96.4c-9.4-9.4-9.4-24.6 0-33.9L54.3 103c9.4-9.4 24.6-9.4 33.9 0l136 136c9.5 9.4 9.5 24.6.1 34z\"><\/path><\/svg><\/div><div id=\"elementor-tab-content-1175\" class=\"eael-accordion-content clearfix\" data-tab=\"5\" aria-labelledby=\"mi-reserva-incluye-alimentos\"><p><span style=\"font-weight: 400;\">Tu reservaci\u00f3n incluye un lunch ligero a elegir pueden ser fajitas de pollo,res o vegetariano.<\/span><\/p><\/div>\n                <\/div><div class=\"eael-accordion-list\">\n                <div id=\"qu-tengo-que-llevar-a-mi-tour\" class=\"elementor-tab-title eael-accordion-header\" tabindex=\"0\" data-tab=\"6\" aria-controls=\"elementor-tab-content-1176\"><span class=\"eael-advanced-accordion-icon-closed\"><\/span><span class=\"eael-advanced-accordion-icon-opened\"><\/span><span class=\"eael-accordion-tab-title\">\u00bfQu\u00e9 tengo que llevar a mi tour?<\/span><svg aria-hidden=\"true\" class=\"fa-toggle e-font-icon-svg e-fas-angle-right\" viewBox=\"0 0 256 512\" xmlns=\"http:\/\/www.w3.org\/2000\/svg\"><path d=\"M224.3 273l-136 136c-9.4 9.4-24.6 9.4-33.9 0l-22.6-22.6c-9.4-9.4-9.4-24.6 0-33.9l96.4-96.4-96.4-96.4c-9.4-9.4-9.4-24.6 0-33.9L54.3 103c9.4-9.4 24.6-9.4 33.9 0l136 136c9.5 9.4 9.5 24.6.1 34z\"><\/path><\/svg><\/div><div id=\"elementor-tab-content-1176\" class=\"eael-accordion-content clearfix\" data-tab=\"6\" aria-labelledby=\"qu-tengo-que-llevar-a-mi-tour\"><p><span style=\"font-weight: 400;\">Te sugerimos usar zapatos y ropa c\u00f3moda, traje de ba\u00f1o, y un cambio de ropa si vas a usar los ATV\u2019s seguro te vas a ensuciar.<\/span><\/p><\/div>\n                <\/div><div class=\"eael-accordion-list\">\n                <div id=\"tienen-lockers-para-guardar-mis-pertenencias\" class=\"elementor-tab-title eael-accordion-header\" tabindex=\"0\" data-tab=\"7\" aria-controls=\"elementor-tab-content-1177\"><span class=\"eael-advanced-accordion-icon-closed\"><\/span><span class=\"eael-advanced-accordion-icon-opened\"><\/span><span class=\"eael-accordion-tab-title\">\u00bfTienen lockers para guardar mis pertenencias?<\/span><svg aria-hidden=\"true\" class=\"fa-toggle e-font-icon-svg e-fas-angle-right\" viewBox=\"0 0 256 512\" xmlns=\"http:\/\/www.w3.org\/2000\/svg\"><path d=\"M224.3 273l-136 136c-9.4 9.4-24.6 9.4-33.9 0l-22.6-22.6c-9.4-9.4-9.4-24.6 0-33.9l96.4-96.4-96.4-96.4c-9.4-9.4-9.4-24.6 0-33.9L54.3 103c9.4-9.4 24.6-9.4 33.9 0l136 136c9.5 9.4 9.5 24.6.1 34z\"><\/path><\/svg><\/div><div id=\"elementor-tab-content-1177\" class=\"eael-accordion-content clearfix\" data-tab=\"7\" aria-labelledby=\"tienen-lockers-para-guardar-mis-pertenencias\"><p><span style=\"font-weight: 400;\">Claro puedes rentar un locker llegando a recepci\u00f3n si lo deseas puedes compartirlo tambi\u00e9n con tus acompa\u00f1antes el costo es de 10 USD\u00a0 de los que 5 son reembolsables al devolver la llave.<\/span><\/p><\/div>\n                <\/div><div class=\"eael-accordion-list\">\n                <div id=\"mi-reserva-incluye-transportacin\" class=\"elementor-tab-title eael-accordion-header\" tabindex=\"0\" data-tab=\"8\" aria-controls=\"elementor-tab-content-1178\"><span class=\"eael-advanced-accordion-icon-closed\"><\/span><span class=\"eael-advanced-accordion-icon-opened\"><\/span><span class=\"eael-accordion-tab-title\">\u00bfMi reserva incluye transportaci\u00f3n?<\/span><svg aria-hidden=\"true\" class=\"fa-toggle e-font-icon-svg e-fas-angle-right\" viewBox=\"0 0 256 512\" xmlns=\"http:\/\/www.w3.org\/2000\/svg\"><path d=\"M224.3 273l-136 136c-9.4 9.4-24.6 9.4-33.9 0l-22.6-22.6c-9.4-9.4-9.4-24.6 0-33.9l96.4-96.4-96.4-96.4c-9.4-9.4-9.4-24.6 0-33.9L54.3 103c9.4-9.4 24.6-9.4 33.9 0l136 136c9.5 9.4 9.5 24.6.1 34z\"><\/path><\/svg><\/div><div id=\"elementor-tab-content-1178\" class=\"eael-accordion-content clearfix\" data-tab=\"8\" aria-labelledby=\"mi-reserva-incluye-transportacin\"><p><span style=\"font-weight: 400;\">La transportaci\u00f3n no est\u00e1 incluida, pero podr\u00e1s agregarla al momento de realizar tu reserva desde 5 y hasta 15 d\u00f3lares por persona dependiendo en donde te hospedes.<\/span><\/p><\/div>\n                <\/div><div class=\"eael-accordion-list\">\n                <div id=\"es-obligatorio-comprar-un-seguro-para-usar-las-atvs-o-polaris\" class=\"elementor-tab-title eael-accordion-header\" tabindex=\"0\" data-tab=\"9\" aria-controls=\"elementor-tab-content-1179\"><span class=\"eael-advanced-accordion-icon-closed\"><\/span><span class=\"eael-advanced-accordion-icon-opened\"><\/span><span class=\"eael-accordion-tab-title\">\u00bfEs obligatorio comprar un seguro para usar las Atv\u2019s o Polaris?<\/span><svg aria-hidden=\"true\" class=\"fa-toggle e-font-icon-svg e-fas-angle-right\" viewBox=\"0 0 256 512\" xmlns=\"http:\/\/www.w3.org\/2000\/svg\"><path d=\"M224.3 273l-136 136c-9.4 9.4-24.6 9.4-33.9 0l-22.6-22.6c-9.4-9.4-9.4-24.6 0-33.9l96.4-96.4-96.4-96.4c-9.4-9.4-9.4-24.6 0-33.9L54.3 103c9.4-9.4 24.6-9.4 33.9 0l136 136c9.5 9.4 9.5 24.6.1 34z\"><\/path><\/svg><\/div><div id=\"elementor-tab-content-1179\" class=\"eael-accordion-content clearfix\" data-tab=\"9\" aria-labelledby=\"es-obligatorio-comprar-un-seguro-para-usar-las-atvs-o-polaris\"><p><span style=\"font-weight: 400;\">El seguro no es obligatorio, pero si recomendado el costo es de 10 USD para la Atv y 15 para los polaris, en el caso del veh\u00edculo de 4 posiciones el costo es de 20 USD.<\/span><\/p><\/div>\n                <\/div><div class=\"eael-accordion-list\">\n                <div id=\"en-dnde-estn-ubicados\" class=\"elementor-tab-title eael-accordion-header\" tabindex=\"0\" data-tab=\"10\" aria-controls=\"elementor-tab-content-11710\"><span class=\"eael-advanced-accordion-icon-closed\"><\/span><span class=\"eael-advanced-accordion-icon-opened\"><\/span><span class=\"eael-accordion-tab-title\">\u00bfEn d\u00f3nde est\u00e1n ubicados?<\/span><svg aria-hidden=\"true\" class=\"fa-toggle e-font-icon-svg e-fas-angle-right\" viewBox=\"0 0 256 512\" xmlns=\"http:\/\/www.w3.org\/2000\/svg\"><path d=\"M224.3 273l-136 136c-9.4 9.4-24.6 9.4-33.9 0l-22.6-22.6c-9.4-9.4-9.4-24.6 0-33.9l96.4-96.4-96.4-96.4c-9.4-9.4-9.4-24.6 0-33.9L54.3 103c9.4-9.4 24.6-9.4 33.9 0l136 136c9.5 9.4 9.5 24.6.1 34z\"><\/path><\/svg><\/div><div id=\"elementor-tab-content-11710\" class=\"eael-accordion-content clearfix\" data-tab=\"10\" aria-labelledby=\"en-dnde-estn-ubicados\">Estamos ubicados en el km 18 de la ruta de los cenotes, que sale de Puerto Morelos.\n<br>Mira aqu\u00ed <a href=\"\/es\/como-llegar-a-selvatica-desde-cancun-riviera-maya\/\">\u00bfC\u00f3mo llegar a Selvatica?<\/a><\/div>\n                <\/div><\/div>\t\t\t\t<\/div>\n\t\t\t\t<\/div>\n\t\t\t\t\t<\/div>\n\t\t<\/div>\n\t\t\t\t\t<\/div>\n\t\t<\/section>\n\t\t\t\t<\/div>\n\t\t","protected":false},"excerpt":{"rendered":"<p>Preguntas Frecuentes de Selvatica \u00bfA partir de qu\u00e9 edad puedo participar en Selv\u00e1tica? Para nuestro Extreme Canopy 3 a\u00f1os es la edad m\u00ednima a partir de los 3 y hasta los 11 pagar\u00e1s admisi\u00f3n de menor y a partir de los 12 a\u00f1os pagar\u00e1s admisi\u00f3n de adulto \u00a0 Para Off Road Polaris, Mud Madness y [&#8230;]<\/p>\n<p><a class=\"btn btn-secondary understrap-read-more-link\" href=\"https:\/\/www.selvatica.com.mx\/es\/preguntas-frecuentes\/\">Leer m\u00e1s&#8230;<\/a><\/p>\n","protected":false},"author":10,"featured_media":0,"parent":0,"menu_order":0,"comment_status":"closed","ping_status":"closed","template":"elementor_header_footer","meta":{"_acf_changed":false,"footnotes":""},"class_list":["post-22030","page","type-page","status-publish","hentry"],"acf":[],"_links":{"self":[{"href":"https:\/\/www.selvatica.com.mx\/es\/wp-json\/wp\/v2\/pages\/22030","targetHints":{"allow":["GET"]}}],"collection":[{"href":"https:\/\/www.selvatica.com.mx\/es\/wp-json\/wp\/v2\/pages"}],"about":[{"href":"https:\/\/www.selvatica.com.mx\/es\/wp-json\/wp\/v2\/types\/page"}],"author":[{"embeddable":true,"href":"https:\/\/www.selvatica.com.mx\/es\/wp-json\/wp\/v2\/users\/10"}],"replies":[{"embeddable":true,"href":"https:\/\/www.selvatica.com.mx\/es\/wp-json\/wp\/v2\/comments?post=22030"}],"version-history":[{"count":23,"href":"https:\/\/www.selvatica.com.mx\/es\/wp-json\/wp\/v2\/pages\/22030\/revisions"}],"predecessor-version":[{"id":36166,"href":"https:\/\/www.selvatica.com.mx\/es\/wp-json\/wp\/v2\/pages\/22030\/revisions\/36166"}],"wp:attachment":[{"href":"https:\/\/www.selvatica.com.mx\/es\/wp-json\/wp\/v2\/media?parent=22030"}],"curies":[{"name":"wp","href":"https:\/\/api.w.org\/{rel}","templated":true}]}}