{"id":4203,"date":"2020-12-04T22:08:50","date_gmt":"2020-12-04T22:08:50","guid":{"rendered":"https:\/\/www.selvatica.com.mx\/?page_id=4203"},"modified":"2024-05-10T16:56:36","modified_gmt":"2024-05-10T16:56:36","slug":"politica-de-cancelacion","status":"publish","type":"page","link":"https:\/\/www.selvatica.com.mx\/es\/politica-de-cancelacion\/","title":{"rendered":"Pol\u00edtica de Cancelaci\u00f3n"},"content":{"rendered":"\t\t<div data-elementor-type=\"wp-page\" data-elementor-id=\"4203\" class=\"elementor elementor-4203 elementor-4195\" data-elementor-post-type=\"page\">\n\t\t\t\t\t\t<section class=\"elementor-section elementor-top-section elementor-element elementor-element-b8b1883 elementor-section-boxed elementor-section-height-default elementor-section-height-default\" data-id=\"b8b1883\" data-element_type=\"section\" data-e-type=\"section\">\n\t\t\t\t\t\t<div class=\"elementor-container elementor-column-gap-default\">\n\t\t\t\t\t<div class=\"elementor-column elementor-col-100 elementor-top-column elementor-element elementor-element-648d896\" data-id=\"648d896\" data-element_type=\"column\" data-e-type=\"column\">\n\t\t\t<div class=\"elementor-widget-wrap elementor-element-populated\">\n\t\t\t\t\t\t<div class=\"elementor-element elementor-element-dfdd3a6 elementor-widget elementor-widget-heading\" data-id=\"dfdd3a6\" data-element_type=\"widget\" data-e-type=\"widget\" data-widget_type=\"heading.default\">\n\t\t\t\t<div class=\"elementor-widget-container\">\n\t\t\t\t\t<h1 class=\"elementor-heading-title elementor-size-default\">Pol\u00edtica de cancelaci\u00f3n <\/h1>\t\t\t\t<\/div>\n\t\t\t\t<\/div>\n\t\t\t\t<div class=\"elementor-element elementor-element-2dfc7be elementor-widget elementor-widget-text-editor\" data-id=\"2dfc7be\" data-element_type=\"widget\" data-e-type=\"widget\" data-widget_type=\"text-editor.default\">\n\t\t\t\t<div class=\"elementor-widget-container\">\n\t\t\t\t\t\t\t\t\t<p>Ponemos a su disposici\u00f3n nuestra pol\u00edtica de cancelaci\u00f3n para reservas efectuadas. <br>Tenga en cuenta que no hay reembolsos sobre los precios con descuento, para este caso aplicar\u00eda un cambio de reserva, si necesita cambiar su reserva; debe hacerlo al menos 4 d\u00edas antes de la fecha de reserva confirmada (todos los cambios est\u00e1n sujetos a disponibilidad).<\/p>\n<p>Se otorgar\u00e1 un cr\u00e9dito v\u00e1lido por seis meses para la misma o cualquier otra experiencia de Selvatica con el mismo valor.<\/p>\n<p>Para programar una nueva fecha, cont\u00e1ctenos y nuestro personal de reservas le atender\u00e1.<\/p>\n<p>Para realizar el reembolso por cancelar una reserva pagada, debe hacerlo al menos 4 d\u00edas antes de la fecha de reserva confirmada, con un cargo del 10% del monto total.<\/p>\n<p>EN CASO DE NO PRESENTARSE:<\/p>\n<p>Solicitamos a nuestros visitantes a estar en el lugar por lo menos media hora antes del horario confirmado para su gira. En caso de no presentarse el importe cobrado no es reembolsable.<\/p><p><br>GARANT\u00cdA POR EL CLIMA:<\/p>\n<p>Si desea reprogramar su recorrido s\u00f3lo ll\u00e1menos 24 horas de anticipaci\u00f3n y vamos a reprogramar su visita. Y si no encaja en su plan de vacaciones con su reserva tiene una validez de un a\u00f1o desde la fecha de compra.<br>IMPORTANTE:<\/p>\n<p>* Se confirmar\u00e1 su recorrido, podemos reprogramar su recogida.<br>** Se requiere que el titular de la tarjeta de cr\u00e9dito con la que se realiz\u00f3 el pago, se presente con una identificaci\u00f3n con foto.<br>De lo contrario la reserva no ser\u00e1 v\u00e1lida.<\/p>\t\t\t\t\t\t\t\t<\/div>\n\t\t\t\t<\/div>\n\t\t\t\t\t<\/div>\n\t\t<\/div>\n\t\t\t\t\t<\/div>\n\t\t<\/section>\n\t\t\t\t<\/div>\n\t\t","protected":false},"excerpt":{"rendered":"<p>Pol\u00edtica de cancelaci\u00f3n Ponemos a su disposici\u00f3n nuestra pol\u00edtica de cancelaci\u00f3n para reservas efectuadas. Tenga en cuenta que no hay reembolsos sobre los precios con descuento, para este caso aplicar\u00eda un cambio de reserva, si necesita cambiar su reserva; debe hacerlo al menos 4 d\u00edas antes de la fecha de reserva confirmada (todos los cambios [&#8230;]<\/p>\n<p><a class=\"btn btn-secondary understrap-read-more-link\" href=\"https:\/\/www.selvatica.com.mx\/es\/politica-de-cancelacion\/\">Leer m\u00e1s&#8230;<\/a><\/p>\n","protected":false},"author":10,"featured_media":0,"parent":0,"menu_order":0,"comment_status":"closed","ping_status":"closed","template":"","meta":{"_acf_changed":false,"footnotes":""},"class_list":["post-4203","page","type-page","status-publish","hentry"],"acf":[],"_links":{"self":[{"href":"https:\/\/www.selvatica.com.mx\/es\/wp-json\/wp\/v2\/pages\/4203","targetHints":{"allow":["GET"]}}],"collection":[{"href":"https:\/\/www.selvatica.com.mx\/es\/wp-json\/wp\/v2\/pages"}],"about":[{"href":"https:\/\/www.selvatica.com.mx\/es\/wp-json\/wp\/v2\/types\/page"}],"author":[{"embeddable":true,"href":"https:\/\/www.selvatica.com.mx\/es\/wp-json\/wp\/v2\/users\/10"}],"replies":[{"embeddable":true,"href":"https:\/\/www.selvatica.com.mx\/es\/wp-json\/wp\/v2\/comments?post=4203"}],"version-history":[{"count":10,"href":"https:\/\/www.selvatica.com.mx\/es\/wp-json\/wp\/v2\/pages\/4203\/revisions"}],"predecessor-version":[{"id":35087,"href":"https:\/\/www.selvatica.com.mx\/es\/wp-json\/wp\/v2\/pages\/4203\/revisions\/35087"}],"wp:attachment":[{"href":"https:\/\/www.selvatica.com.mx\/es\/wp-json\/wp\/v2\/media?parent=4203"}],"curies":[{"name":"wp","href":"https:\/\/api.w.org\/{rel}","templated":true}]}}