{"id":19263,"date":"2023-01-24T19:07:48","date_gmt":"2023-01-24T19:07:48","guid":{"rendered":"https:\/\/www.selvatica.com.mx\/?page_id=19263"},"modified":"2023-01-24T19:07:49","modified_gmt":"2023-01-24T19:07:49","slug":"mapa-do-site","status":"publish","type":"page","link":"https:\/\/www.selvatica.com.mx\/pt-br\/mapa-do-site\/","title":{"rendered":"Mapa do site"},"content":{"rendered":"\n<div class=\"columns twelve programContent\">\n    <table>\n        <tbody>\n            <tr>\n                <td width=\"295\" valign=\"top\">\n                    <table width=\"100%\" align=\"left\">\n                        <tbody>\n                            <tr>\n                                <td width=\"275\" class=\"programContent\">\n                                    <h2>Aventuras<\/h2>\n                                <\/td>\n                            <\/tr>\n                            <tr>\n                                <td><\/td>\n                            <\/tr>\n                            <tr>\n                                <td>\n                                    <a href=\"\/pt-br\/tirolesas-na-riviera-maya\/\">GIMME ALL<\/a>\n                                <\/td>\n                            <\/tr>\n                            <tr>\n                                <td>\n                                    <a href=\"\/pt-br\/tirolesa-e-passeio-offroad-em-cancun\/\">OFFROAD<\/a>\n                                <\/td>\n                            <\/tr>\n                            <tr>\n                                <td>\n                                    <a href=\"\/pt-br\/mud-madness-atv-e-mixologia-em-cancun\/\">MUD MADNESS &#038; MIXOLOGY<\/a>\n                                <\/td>\n                            <\/tr>\n                            <tr>\n                                <td>\n                                    <a href=\"\/pt-br\/tour-de-tirolesas-em-cancun\/\">EXTREME CANOPY<\/a>\n                                <\/td>\n                            <\/tr>\n                        <\/tbody>\n                    <\/table>\n                <\/td>\n                <td width=\"10\"><\/td>\n                <td width=\"295\" valign=\"top\">\n                    <table width=\"100%\" border=\"0\">\n                        <tbody>\n                            <tr>\n                                <td width=\"275\" class=\"programContent\">\n                                    <h2>Selv\u00e1tica<\/h2>\n                                <\/td>\n                            <\/tr>\n                            <tr>\n                                <td><\/td>\n                            <\/tr>\n                            <tr>\n                                <td>\n                                    <a href=\"\/pt-br\/passeios-em-cancun\/\">Tours<\/a>\n                                <\/td>\n                            <\/tr>\n                            <tr>\n                                <td>\n                                    <a href=\"\/pt-br\/ofertas-em-cancun-e-riviera-maya\/\">Promo\u00e7\u00f5es<\/a>\n                                <\/td>\n                            <\/tr>\n                            <tr>\n                                <td>\n                                    <a href=\"\/pt-br\/como-chegar-ao-selvatica\/\">Como chegar<\/a>\n                                <\/td>\n                            <\/tr>\n                            <tr>\n                                <td width=\"275\" class=\"programContent\">\n                                    <h2>Sobre Selv\u00e1tica<\/h2>\n                                <\/td>\n                            <\/tr>\n                            <tr>\n                                <td>\n                                    <a href=\"\/pt-br\/sobre-nos\/\">Sobre N\u00f3s<\/a>\n                                <\/td>\n                            <\/tr>\n                            <tr>\n                                <td>\n                                    <a href=\"\/pt-br\/contate-nos\/\">Contato<\/a>\n                                <\/td>\n                            <\/tr>\n                            <tr>\n                                <td>\n                                    <a href=\"\/pt-br\/aviso-de-privacidade\/\">Aviso de Privacidade<\/a>\n                                <\/td>\n                            <\/tr>\n                            <tr>\n                                <td>\n                                    <a href=\"\/pt-br\/termos-e-condicoes\/\">Termos de Uso<\/a>\n                                <\/td>\n                            <\/tr>\n                            <tr>\n                                <td>\n                                    <a href=\"\/pt-br\/politica-de-cancelamento\/\">Pol\u00edtica de Cancelamento<\/a>\n                                <\/td>\n                            <\/tr>\n                            <tr>\n                                <td width=\"275\" class=\"programContent\">\n                                    <h2>Informa\u00e7\u00e3o Adicional<\/h2>\n                                <\/td>\n                            <\/tr>\n                            <tr>\n                                <td>\n                                    <a href=\"\/pt-br\/compromisso-social\/\">Compromisso Social<\/a>\n                                <\/td>\n                            <\/tr>\n                            <tr>\n                                <td>\n                                    <a href=\"\/pt-br\/viagens-seguras\/\">Viagens Seguras<\/a>\n                                <\/td>\n                            <\/tr>\n                            <tr>\n                                <td width=\"275\" class=\"programContent\">\n                                    <h2>Parque Irm\u00e3os<\/h2>\n                                <\/td>\n                            <\/tr>\n                            <tr>\n                                <td>\n                                    <a href=\"https:\/\/www.venturapark.com\/\" target=\"_blank\" rel=\"noopener\">Ventura Park<\/a>\n                                <\/td>\n                            <\/tr>\n                            <tr>\n                                <td>\n                                    <a href=\"https:\/\/www.selvamagica.com.mx\/\" target=\"_blank\" rel=\"noopener\">Selva M\u00e1gica<\/a>\n                                <\/td>\n                            <\/tr>\n                            <tr>\n                                <td>\n                                    <a href=\"https:\/\/www.dolphinaris.com\/\" target=\"_blank\" rel=\"noopener\">Dolphinaris<\/a>\n                                <\/td>\n                            <\/tr>\n                        <\/tbody>\n                    <\/table>\n                <\/td>\n            <\/tr>\n        <\/tbody>\n    <\/table>\n<\/div>\n","protected":false},"excerpt":{"rendered":"<p>Aventuras GIMME ALL OFFROAD MUD MADNESS &#038; MIXOLOGY EXTREME CANOPY Selv\u00e1tica Tours Promo\u00e7\u00f5es Como chegar Sobre Selv\u00e1tica Sobre N\u00f3s Contato Aviso de Privacidade Termos de Uso Pol\u00edtica de Cancelamento Informa\u00e7\u00e3o Adicional Compromisso Social Viagens Seguras Parque Irm\u00e3os Ventura Park Selva M\u00e1gica Dolphinaris [&#8230;]<\/p>\n<p><a class=\"btn btn-secondary understrap-read-more-link\" href=\"https:\/\/www.selvatica.com.mx\/pt-br\/mapa-do-site\/\">Leia mais&#8230;<\/a><\/p>\n","protected":false},"author":10,"featured_media":0,"parent":0,"menu_order":0,"comment_status":"closed","ping_status":"closed","template":"","meta":{"_acf_changed":false,"footnotes":""},"class_list":["post-19263","page","type-page","status-publish","hentry"],"acf":[],"_links":{"self":[{"href":"https:\/\/www.selvatica.com.mx\/pt-br\/wp-json\/wp\/v2\/pages\/19263","targetHints":{"allow":["GET"]}}],"collection":[{"href":"https:\/\/www.selvatica.com.mx\/pt-br\/wp-json\/wp\/v2\/pages"}],"about":[{"href":"https:\/\/www.selvatica.com.mx\/pt-br\/wp-json\/wp\/v2\/types\/page"}],"author":[{"embeddable":true,"href":"https:\/\/www.selvatica.com.mx\/pt-br\/wp-json\/wp\/v2\/users\/10"}],"replies":[{"embeddable":true,"href":"https:\/\/www.selvatica.com.mx\/pt-br\/wp-json\/wp\/v2\/comments?post=19263"}],"version-history":[{"count":1,"href":"https:\/\/www.selvatica.com.mx\/pt-br\/wp-json\/wp\/v2\/pages\/19263\/revisions"}],"predecessor-version":[{"id":19264,"href":"https:\/\/www.selvatica.com.mx\/pt-br\/wp-json\/wp\/v2\/pages\/19263\/revisions\/19264"}],"wp:attachment":[{"href":"https:\/\/www.selvatica.com.mx\/pt-br\/wp-json\/wp\/v2\/media?parent=19263"}],"curies":[{"name":"wp","href":"https:\/\/api.w.org\/{rel}","templated":true}]}}