{"id":4220,"date":"2020-12-04T22:13:39","date_gmt":"2020-12-04T22:13:39","guid":{"rendered":"https:\/\/www.selvatica.com.mx\/?page_id=4220"},"modified":"2022-11-21T17:51:38","modified_gmt":"2022-11-21T17:51:38","slug":"termos-e-condicoes","status":"publish","type":"page","link":"https:\/\/www.selvatica.com.mx\/pt-br\/termos-e-condicoes\/","title":{"rendered":"Terms and Conditions"},"content":{"rendered":"\t\t<div data-elementor-type=\"wp-page\" data-elementor-id=\"4220\" class=\"elementor elementor-4220 elementor-4210\" data-elementor-post-type=\"page\">\n\t\t\t\t\t\t<section class=\"elementor-section elementor-top-section elementor-element elementor-element-8c698f3 elementor-section-boxed elementor-section-height-default elementor-section-height-default\" data-id=\"8c698f3\" data-element_type=\"section\">\n\t\t\t\t\t\t<div class=\"elementor-container elementor-column-gap-default\">\n\t\t\t\t\t<div class=\"elementor-column elementor-col-100 elementor-top-column elementor-element elementor-element-a156d06\" data-id=\"a156d06\" data-element_type=\"column\">\n\t\t\t<div class=\"elementor-widget-wrap elementor-element-populated\">\n\t\t\t\t\t\t<div class=\"elementor-element elementor-element-59f0aae elementor-widget elementor-widget-heading\" data-id=\"59f0aae\" data-element_type=\"widget\" data-widget_type=\"heading.default\">\n\t\t\t\t<div class=\"elementor-widget-container\">\n\t\t\t\t\t<h2 class=\"elementor-heading-title elementor-size-default\">Termos e Condi\u00e7\u00f5es<\/h2>\t\t\t\t<\/div>\n\t\t\t\t<\/div>\n\t\t\t\t<div class=\"elementor-element elementor-element-56ec32f elementor-widget elementor-widget-text-editor\" data-id=\"56ec32f\" data-element_type=\"widget\" data-widget_type=\"text-editor.default\">\n\t\t\t\t<div class=\"elementor-widget-container\">\n\t\t\t\t\t\t\t\t\t<p>\u00c9 muito importante que voc\u00ea leia os Termos e Condi\u00e7\u00f5es com aten\u00e7\u00e3o antes de fazer sua reserva no Selvatica. O valor total da sua reserva ser\u00e1 debitado no seu cart\u00e3o no momento da reserva.<\/p><p>Para pagamentos feitos com Visa ou MasterCard, a cobran\u00e7a ser\u00e1 aplicada em d\u00f3lares americanos. Qualquer convers\u00e3o para outra moeda ser\u00e1 realizada de acordo com a taxa de c\u00e2mbio do seu banco.<\/p><p>A declara\u00e7\u00e3o refletir\u00e1 a acusa\u00e7\u00e3o sob o nome de Selvatica.<\/p><p>\u00a0<\/p><p>ALTERA\u00c7\u00d5ES E MODIFICA\u00c7\u00d5ES:<\/p><p>Todas as modifica\u00e7\u00f5es ou altera\u00e7\u00f5es devem ser feitas pelo menos 24 horas antes da data confirmada de sua visita.<br \/>REQUISITOS:<\/p><p>\u00c9 necess\u00e1rio que o titular do cart\u00e3o de cr\u00e9dito com o qual foi efetuado o pagamento seja apresentado um documento de identifica\u00e7\u00e3o com fotografia. Caso contr\u00e1rio, sua reserva n\u00e3o ser\u00e1 v\u00e1lida.<br \/>Se voc\u00ea teve recentemente ou sofre de alguma doen\u00e7a que pode limitar fisicamente a cirurgia, consulte nossa equipe de reservas antes de fazer sua compra.<br \/>Se voc\u00ea passou recentemente por uma cirurgia ou teve alguma doen\u00e7a que possa limit\u00e1-lo fisicamente, consulte nossa equipe de reservas antes de fazer sua compra.<\/p><p>Medidas preventivas sobre COVID-19<\/p><p>Selv\u00e1tica tem implementado as medidas de precau\u00e7\u00e3o e higiene de acordo com as recomenda\u00e7\u00f5es de preven\u00e7\u00e3o estabelecidas pelo Governo Federal, Minist\u00e9rio da Sa\u00fade e autoridades locais, no entanto, \u00e9 importante considerar que existe um risco inerente de exposi\u00e7\u00e3o ao v\u00edrus denominado COVID-19 em qualquer lugar p\u00fablico. Ressalte-se que o v\u00edrus COVID-19 \u00e9 uma doen\u00e7a extremamente contagiosa que pode causar doen\u00e7as graves, inclusive a morte, raz\u00e3o pela qual, ao visitar Selv\u00e1tica, voc\u00ea volunt\u00e1ria e tacitamente assume todos os riscos relacionados \u00e0 exposi\u00e7\u00e3o ao v\u00edrus COVID-19, definir uma Reserva Bengala, SA de CV, e suas holdings e subsidi\u00e1rias de qualquer passivo de cont\u00e1gio.<\/p><p>Convidamo-lo a cumprir as regras impostas dentro do parque, caso contr\u00e1rio, a Selvatica [*] reserva-se o direito, sem qualquer responsabilidade, de solicitar a sa\u00edda do h\u00f3spede de forma a prevalecer a sa\u00fade dos nossos h\u00f3spedes e colaboradores.<\/p><p>\u00a0<\/p><p>\u00a0<\/p>\t\t\t\t\t\t\t\t<\/div>\n\t\t\t\t<\/div>\n\t\t\t\t\t<\/div>\n\t\t<\/div>\n\t\t\t\t\t<\/div>\n\t\t<\/section>\n\t\t\t\t<\/div>\n\t\t","protected":false},"excerpt":{"rendered":"<p>Termos e Condi\u00e7\u00f5es \u00c9 muito importante que voc\u00ea leia os Termos e Condi\u00e7\u00f5es com aten\u00e7\u00e3o antes de fazer sua reserva no Selvatica. O valor total da sua reserva ser\u00e1 debitado no seu cart\u00e3o no momento da reserva. Para pagamentos feitos com Visa ou MasterCard, a cobran\u00e7a ser\u00e1 aplicada em d\u00f3lares americanos. Qualquer convers\u00e3o para outra [&#8230;]<\/p>\n<p><a class=\"btn btn-secondary understrap-read-more-link\" href=\"https:\/\/www.selvatica.com.mx\/pt-br\/termos-e-condicoes\/\">Leia mais&#8230;<\/a><\/p>\n","protected":false},"author":10,"featured_media":0,"parent":0,"menu_order":0,"comment_status":"closed","ping_status":"closed","template":"","meta":{"_acf_changed":false,"footnotes":""},"class_list":["post-4220","page","type-page","status-publish","hentry"],"acf":[],"_links":{"self":[{"href":"https:\/\/www.selvatica.com.mx\/pt-br\/wp-json\/wp\/v2\/pages\/4220","targetHints":{"allow":["GET"]}}],"collection":[{"href":"https:\/\/www.selvatica.com.mx\/pt-br\/wp-json\/wp\/v2\/pages"}],"about":[{"href":"https:\/\/www.selvatica.com.mx\/pt-br\/wp-json\/wp\/v2\/types\/page"}],"author":[{"embeddable":true,"href":"https:\/\/www.selvatica.com.mx\/pt-br\/wp-json\/wp\/v2\/users\/10"}],"replies":[{"embeddable":true,"href":"https:\/\/www.selvatica.com.mx\/pt-br\/wp-json\/wp\/v2\/comments?post=4220"}],"version-history":[{"count":1,"href":"https:\/\/www.selvatica.com.mx\/pt-br\/wp-json\/wp\/v2\/pages\/4220\/revisions"}],"predecessor-version":[{"id":18034,"href":"https:\/\/www.selvatica.com.mx\/pt-br\/wp-json\/wp\/v2\/pages\/4220\/revisions\/18034"}],"wp:attachment":[{"href":"https:\/\/www.selvatica.com.mx\/pt-br\/wp-json\/wp\/v2\/media?parent=4220"}],"curies":[{"name":"wp","href":"https:\/\/api.w.org\/{rel}","templated":true}]}}