{"id":4297,"date":"2020-12-04T22:52:47","date_gmt":"2020-12-04T22:52:47","guid":{"rendered":"https:\/\/www.selvatica.com.mx\/?page_id=4297"},"modified":"2022-11-21T17:08:46","modified_gmt":"2022-11-21T17:08:46","slug":"sobre-nos","status":"publish","type":"page","link":"https:\/\/www.selvatica.com.mx\/pt-br\/sobre-nos\/","title":{"rendered":"Nosotros"},"content":{"rendered":"\t\t<div data-elementor-type=\"wp-page\" data-elementor-id=\"4297\" class=\"elementor elementor-4297 elementor-4273\" data-elementor-post-type=\"page\">\n\t\t\t\t\t\t<section class=\"elementor-section elementor-top-section elementor-element elementor-element-e6942ae elementor-section-boxed elementor-section-height-default elementor-section-height-default\" data-id=\"e6942ae\" data-element_type=\"section\">\n\t\t\t\t\t\t<div class=\"elementor-container elementor-column-gap-default\">\n\t\t\t\t\t<div class=\"elementor-column elementor-col-100 elementor-top-column elementor-element elementor-element-6fba7fe\" data-id=\"6fba7fe\" data-element_type=\"column\">\n\t\t\t<div class=\"elementor-widget-wrap elementor-element-populated\">\n\t\t\t\t\t\t<div class=\"elementor-element elementor-element-a662125 elementor-widget elementor-widget-heading\" data-id=\"a662125\" data-element_type=\"widget\" data-widget_type=\"heading.default\">\n\t\t\t\t<div class=\"elementor-widget-container\">\n\t\t\t\t\t<h2 class=\"elementor-heading-title elementor-size-default\">Sobre Nosotros<\/h2>\t\t\t\t<\/div>\n\t\t\t\t<\/div>\n\t\t\t\t\t<\/div>\n\t\t<\/div>\n\t\t\t\t\t<\/div>\n\t\t<\/section>\n\t\t\t\t<section class=\"elementor-section elementor-top-section elementor-element elementor-element-1b2a150 elementor-section-boxed elementor-section-height-default elementor-section-height-default\" data-id=\"1b2a150\" data-element_type=\"section\">\n\t\t\t\t\t\t<div class=\"elementor-container elementor-column-gap-default\">\n\t\t\t\t\t<div class=\"elementor-column elementor-col-25 elementor-top-column elementor-element elementor-element-251081c\" data-id=\"251081c\" data-element_type=\"column\">\n\t\t\t<div class=\"elementor-widget-wrap elementor-element-populated\">\n\t\t\t\t\t\t<div class=\"elementor-element elementor-element-f253502 elementor-widget elementor-widget-image\" data-id=\"f253502\" data-element_type=\"widget\" data-widget_type=\"image.default\">\n\t\t\t\t<div class=\"elementor-widget-container\">\n\t\t\t\t\t\t\t\t\t\t\t\t\t\t\t<img decoding=\"async\" width=\"112\" height=\"105\" src=\"https:\/\/images.selvatica.com.mx\/2020\/11\/www.selvatica.com_.mx899logo-travellerschoise.png\" class=\"attachment-large size-large wp-image-4594\" alt=\"\" \/>\t\t\t\t\t\t\t\t\t\t\t\t\t\t\t<\/div>\n\t\t\t\t<\/div>\n\t\t\t\t\t<\/div>\n\t\t<\/div>\n\t\t\t\t<div class=\"elementor-column elementor-col-25 elementor-top-column elementor-element elementor-element-8e0194d\" data-id=\"8e0194d\" data-element_type=\"column\">\n\t\t\t<div class=\"elementor-widget-wrap elementor-element-populated\">\n\t\t\t\t\t\t<div class=\"elementor-element elementor-element-729711c elementor-widget elementor-widget-image\" data-id=\"729711c\" data-element_type=\"widget\" data-widget_type=\"image.default\">\n\t\t\t\t<div class=\"elementor-widget-container\">\n\t\t\t\t\t\t\t\t\t\t\t\t\t\t\t<img decoding=\"async\" src=\"https:\/\/lana.selvatica.com.mx\/wp-content\/uploads\/2020\/11\/TRIPAVISOR2020-3.png\" title=\"\" alt=\"\" loading=\"lazy\" \/>\t\t\t\t\t\t\t\t\t\t\t\t\t\t\t<\/div>\n\t\t\t\t<\/div>\n\t\t\t\t\t<\/div>\n\t\t<\/div>\n\t\t\t\t<div class=\"elementor-column elementor-col-25 elementor-top-column elementor-element elementor-element-7197408\" data-id=\"7197408\" data-element_type=\"column\">\n\t\t\t<div class=\"elementor-widget-wrap elementor-element-populated\">\n\t\t\t\t\t\t<div class=\"elementor-element elementor-element-a86dab3 elementor-widget elementor-widget-image\" data-id=\"a86dab3\" data-element_type=\"widget\" data-widget_type=\"image.default\">\n\t\t\t\t<div class=\"elementor-widget-container\">\n\t\t\t\t\t\t\t\t\t\t\t\t\t\t\t<img decoding=\"async\" width=\"82\" height=\"85\" src=\"https:\/\/images.selvatica.com.mx\/2020\/11\/Grupo-87.png\" class=\"attachment-large size-large wp-image-4588\" alt=\"\" \/>\t\t\t\t\t\t\t\t\t\t\t\t\t\t\t<\/div>\n\t\t\t\t<\/div>\n\t\t\t\t\t<\/div>\n\t\t<\/div>\n\t\t\t\t<div class=\"elementor-column elementor-col-25 elementor-top-column elementor-element elementor-element-fad4ed8\" data-id=\"fad4ed8\" data-element_type=\"column\">\n\t\t\t<div class=\"elementor-widget-wrap elementor-element-populated\">\n\t\t\t\t\t\t<div class=\"elementor-element elementor-element-5d8baf9 elementor-widget__width-auto elementor-widget elementor-widget-text-editor\" data-id=\"5d8baf9\" data-element_type=\"widget\" data-widget_type=\"text-editor.default\">\n\t\t\t\t<div class=\"elementor-widget-container\">\n\t\t\t\t\t\t\t\t\t<h2>RECONOCIMIENTO<\/h2><p><br \/>\u00a1La gente ha hablado! Selvatica es el parque n\u00famero 1 de Aventura en Canc\u00fan seg\u00fan TripAdvisor. Adem\u00e1s, TripAdvisor ha reconocido a Selvatica como el ganador del premio Traveler\u2019s Choice, por ser la atracci\u00f3n n\u00famero 1 en Canc\u00fan por varios a\u00f1os. Adicional a estas categor\u00edas, Selvatica est\u00e1 catalogado como una de las \u201cThe top 5 adventures in the entire world\u201d (Una de las 5 mejores aventuras en el mundo entero), y en 2018, fue ganador del Certificado de Hall of Fame, por haber sido acreedor del certificado de Excelencia de TripAdvisor por m\u00e1s de 5 a\u00f1os. Por si fuera poco, World Travel Award ha otorgado a Selvatica el codiciado premio \u201cMejor parque de aventuras en M\u00e9xico y Am\u00e9rica Latina\u201d.<\/p><p>Los hechos est\u00e1n a la vista. Selvatica es el parque de aventuras m\u00e1s popular, seguro y sofisticado de toda Am\u00e9rica.<\/p>\t\t\t\t\t\t\t\t<\/div>\n\t\t\t\t<\/div>\n\t\t\t\t\t<\/div>\n\t\t<\/div>\n\t\t\t\t\t<\/div>\n\t\t<\/section>\n\t\t\t\t<section class=\"elementor-section elementor-top-section elementor-element elementor-element-e85d2d6 elementor-section-boxed elementor-section-height-default elementor-section-height-default\" data-id=\"e85d2d6\" data-element_type=\"section\">\n\t\t\t\t\t\t<div class=\"elementor-container elementor-column-gap-default\">\n\t\t\t\t\t<div class=\"elementor-column elementor-col-33 elementor-top-column elementor-element elementor-element-e4a2d5f\" data-id=\"e4a2d5f\" data-element_type=\"column\">\n\t\t\t<div class=\"elementor-widget-wrap elementor-element-populated\">\n\t\t\t\t\t\t<div class=\"elementor-element elementor-element-f27c11f elementor-widget elementor-widget-image\" data-id=\"f27c11f\" data-element_type=\"widget\" data-widget_type=\"image.default\">\n\t\t\t\t<div class=\"elementor-widget-container\">\n\t\t\t\t\t\t\t\t\t\t\t\t\t\t\t<img decoding=\"async\" width=\"120\" height=\"118\" src=\"https:\/\/images.selvatica.com.mx\/2021\/02\/ezgif.com-gif-maker.png\" class=\"attachment-large size-large wp-image-8410\" alt=\"Casco\" \/>\t\t\t\t\t\t\t\t\t\t\t\t\t\t\t<\/div>\n\t\t\t\t<\/div>\n\t\t\t\t\t<\/div>\n\t\t<\/div>\n\t\t\t\t<div class=\"elementor-column elementor-col-33 elementor-top-column elementor-element elementor-element-9385ad0\" data-id=\"9385ad0\" data-element_type=\"column\">\n\t\t\t<div class=\"elementor-widget-wrap elementor-element-populated\">\n\t\t\t\t\t\t<div class=\"elementor-element elementor-element-e96fff1 elementor-widget elementor-widget-image\" data-id=\"e96fff1\" data-element_type=\"widget\" data-widget_type=\"image.default\">\n\t\t\t\t<div class=\"elementor-widget-container\">\n\t\t\t\t\t\t\t\t\t\t\t\t\t\t\t<img loading=\"lazy\" decoding=\"async\" width=\"634\" height=\"434\" src=\"https:\/\/images.selvatica.com.mx\/img\/2021\/07\/acct-1.png\" class=\"attachment-large size-large wp-image-1512\" alt=\"\" srcset=\"https:\/\/images.selvatica.com.mx\/img\/2021\/07\/acct-1-300x205.png 300w, https:\/\/images.selvatica.com.mx\/img\/2021\/07\/acct-1.png 634w\" sizes=\"(max-width: 634px) 100vw, 634px\" \/>\t\t\t\t\t\t\t\t\t\t\t\t\t\t\t<\/div>\n\t\t\t\t<\/div>\n\t\t\t\t\t<\/div>\n\t\t<\/div>\n\t\t\t\t<div class=\"elementor-column elementor-col-33 elementor-top-column elementor-element elementor-element-54a5818\" data-id=\"54a5818\" data-element_type=\"column\">\n\t\t\t<div class=\"elementor-widget-wrap elementor-element-populated\">\n\t\t\t\t\t\t<div class=\"elementor-element elementor-element-52abb53 elementor-widget__width-auto elementor-widget elementor-widget-text-editor\" data-id=\"52abb53\" data-element_type=\"widget\" data-widget_type=\"text-editor.default\">\n\t\t\t\t<div class=\"elementor-widget-container\">\n\t\t\t\t\t\t\t\t\t<h2>SEGURIDAD<\/h2><p><br \/>Selvatica est\u00e1 certificado por el \u201cAssociation for Challenge Course Technology\u201d.<br \/>Hemos enfocado nuestros m\u00e1s de 20 a\u00f1os de experiencia en dos categor\u00edas: seguridad y entretenimiento. Nuestro enfoque en seguridad ha asegurado la certificaci\u00f3n de la Asociaci\u00f3n para la Tecnolog\u00eda de Curso de Desaf\u00edo (Association for Challenge Course Technology). Balanceando perfectamente la seguridad y el entretenimiento, nos ha brindado la oportunidad de obtener una reputaci\u00f3n global para ser el mejor parque de aventuras en M\u00e9xico y Latinoam\u00e9rica. Hay MILES de comentarios en Tripadvisor que nos dan una calificaci\u00f3n perfecta.<\/p>\t\t\t\t\t\t\t\t<\/div>\n\t\t\t\t<\/div>\n\t\t\t\t\t<\/div>\n\t\t<\/div>\n\t\t\t\t\t<\/div>\n\t\t<\/section>\n\t\t\t\t<section class=\"elementor-section elementor-top-section elementor-element elementor-element-1160eb8 elementor-section-boxed elementor-section-height-default elementor-section-height-default\" data-id=\"1160eb8\" data-element_type=\"section\">\n\t\t\t\t\t\t<div class=\"elementor-container elementor-column-gap-default\">\n\t\t\t\t\t<div class=\"elementor-column elementor-col-50 elementor-top-column elementor-element elementor-element-e6c5eb0\" data-id=\"e6c5eb0\" data-element_type=\"column\">\n\t\t\t<div class=\"elementor-widget-wrap elementor-element-populated\">\n\t\t\t\t\t\t<div class=\"elementor-element elementor-element-135bc06 elementor-widget elementor-widget-google_maps\" data-id=\"135bc06\" data-element_type=\"widget\" data-widget_type=\"google_maps.default\">\n\t\t\t\t<div class=\"elementor-widget-container\">\n\t\t\t\t\t\t\t<div class=\"elementor-custom-embed\">\n\t\t\t<iframe loading=\"lazy\"\n\t\t\t\t\tsrc=\"https:\/\/maps.google.com\/maps?q=selvatica&#038;t=m&#038;z=8&#038;output=embed&#038;iwloc=near\"\n\t\t\t\t\ttitle=\"selvatica\"\n\t\t\t\t\taria-label=\"selvatica\"\n\t\t\t><\/iframe>\n\t\t<\/div>\n\t\t\t\t\t\t<\/div>\n\t\t\t\t<\/div>\n\t\t\t\t\t<\/div>\n\t\t<\/div>\n\t\t\t\t<div class=\"elementor-column elementor-col-50 elementor-top-column elementor-element elementor-element-99e86bf\" data-id=\"99e86bf\" data-element_type=\"column\">\n\t\t\t<div class=\"elementor-widget-wrap elementor-element-populated\">\n\t\t\t\t\t\t<div class=\"elementor-element elementor-element-4a57905 elementor-widget__width-auto elementor-widget elementor-widget-text-editor\" data-id=\"4a57905\" data-element_type=\"widget\" data-widget_type=\"text-editor.default\">\n\t\t\t\t<div class=\"elementor-widget-container\">\n\t\t\t\t\t\t\t\t\t<h2>DIRECCI\u00d3N<\/h2><p><br \/>Ruta de los cenotes Km 18, Carretera Federal Puerto Morelos \u2013 Leona Vicario, Puerto Morelos, M\u00e9xico. CP. 77580<\/p>\t\t\t\t\t\t\t\t<\/div>\n\t\t\t\t<\/div>\n\t\t\t\t\t<\/div>\n\t\t<\/div>\n\t\t\t\t\t<\/div>\n\t\t<\/section>\n\t\t\t\t<\/div>\n\t\t","protected":false},"excerpt":{"rendered":"<p>Sobre Nosotros RECONOCIMIENTO \u00a1La gente ha hablado! Selvatica es el parque n\u00famero 1 de Aventura en Canc\u00fan seg\u00fan TripAdvisor. Adem\u00e1s, TripAdvisor ha reconocido a Selvatica como el ganador del premio Traveler\u2019s Choice, por ser la atracci\u00f3n n\u00famero 1 en Canc\u00fan por varios a\u00f1os. Adicional a estas categor\u00edas, Selvatica est\u00e1 catalogado como una de las \u201cThe [&#8230;]<\/p>\n<p><a class=\"btn btn-secondary understrap-read-more-link\" href=\"https:\/\/www.selvatica.com.mx\/pt-br\/sobre-nos\/\">Leia mais&#8230;<\/a><\/p>\n","protected":false},"author":10,"featured_media":0,"parent":0,"menu_order":0,"comment_status":"closed","ping_status":"closed","template":"","meta":{"_acf_changed":false,"footnotes":""},"class_list":["post-4297","page","type-page","status-publish","hentry"],"acf":[],"_links":{"self":[{"href":"https:\/\/www.selvatica.com.mx\/pt-br\/wp-json\/wp\/v2\/pages\/4297","targetHints":{"allow":["GET"]}}],"collection":[{"href":"https:\/\/www.selvatica.com.mx\/pt-br\/wp-json\/wp\/v2\/pages"}],"about":[{"href":"https:\/\/www.selvatica.com.mx\/pt-br\/wp-json\/wp\/v2\/types\/page"}],"author":[{"embeddable":true,"href":"https:\/\/www.selvatica.com.mx\/pt-br\/wp-json\/wp\/v2\/users\/10"}],"replies":[{"embeddable":true,"href":"https:\/\/www.selvatica.com.mx\/pt-br\/wp-json\/wp\/v2\/comments?post=4297"}],"version-history":[{"count":1,"href":"https:\/\/www.selvatica.com.mx\/pt-br\/wp-json\/wp\/v2\/pages\/4297\/revisions"}],"predecessor-version":[{"id":18026,"href":"https:\/\/www.selvatica.com.mx\/pt-br\/wp-json\/wp\/v2\/pages\/4297\/revisions\/18026"}],"wp:attachment":[{"href":"https:\/\/www.selvatica.com.mx\/pt-br\/wp-json\/wp\/v2\/media?parent=4297"}],"curies":[{"name":"wp","href":"https:\/\/api.w.org\/{rel}","templated":true}]}}