{"id":4383,"date":"2020-12-04T22:20:29","date_gmt":"2020-12-04T22:20:29","guid":{"rendered":"https:\/\/www.selvatica.com.mx\/?page_id=4383"},"modified":"2022-11-21T16:40:59","modified_gmt":"2022-11-21T16:40:59","slug":"como-chegar-ao-selvatica","status":"publish","type":"page","link":"https:\/\/www.selvatica.com.mx\/pt-br\/como-chegar-ao-selvatica\/","title":{"rendered":"Como chegar ao selvatica"},"content":{"rendered":"\t\t<div data-elementor-type=\"wp-post\" data-elementor-id=\"4383\" class=\"elementor elementor-4383 elementor-4225\" data-elementor-post-type=\"page\">\n\t\t\t\t\t\t<section class=\"elementor-section elementor-top-section elementor-element elementor-element-272dab7 elementor-section-boxed elementor-section-height-default elementor-section-height-default\" data-id=\"272dab7\" data-element_type=\"section\" data-e-type=\"section\">\n\t\t\t\t\t\t<div class=\"elementor-container elementor-column-gap-default\">\n\t\t\t\t\t<div class=\"elementor-column elementor-col-100 elementor-top-column elementor-element elementor-element-d888b19\" data-id=\"d888b19\" data-element_type=\"column\" data-e-type=\"column\">\n\t\t\t<div class=\"elementor-widget-wrap elementor-element-populated\">\n\t\t\t\t\t\t<div class=\"elementor-element elementor-element-949e32d elementor-widget elementor-widget-heading\" data-id=\"949e32d\" data-element_type=\"widget\" data-e-type=\"widget\" data-widget_type=\"heading.default\">\n\t\t\t\t<div class=\"elementor-widget-container\">\n\t\t\t\t\t<h1 class=\"elementor-heading-title elementor-size-default\">COMO CHEGAR AO SELVATICA<\/h1>\t\t\t\t<\/div>\n\t\t\t\t<\/div>\n\t\t\t\t<div class=\"elementor-element elementor-element-b5ebc15 elementor-widget elementor-widget-text-editor\" data-id=\"b5ebc15\" data-element_type=\"widget\" data-e-type=\"widget\" data-widget_type=\"text-editor.default\">\n\t\t\t\t<div class=\"elementor-widget-container\">\n\t\t\t\t\t\t\t\t\t<h2 style=\"text-align: center;\"><strong>Se voc\u00ea est\u00e1 de f\u00e9rias em Canc\u00fan, Riviera Maya, Playa del Carmen ou arredores, explicamos o caminho para Selvatica.<\/strong><\/h2>\t\t\t\t\t\t\t\t<\/div>\n\t\t\t\t<\/div>\n\t\t\t\t\t<\/div>\n\t\t<\/div>\n\t\t\t\t\t<\/div>\n\t\t<\/section>\n\t\t\t\t<section class=\"elementor-section elementor-top-section elementor-element elementor-element-6cf8cdb elementor-section-boxed elementor-section-height-default elementor-section-height-default\" data-id=\"6cf8cdb\" data-element_type=\"section\" data-e-type=\"section\">\n\t\t\t\t\t\t<div class=\"elementor-container elementor-column-gap-default\">\n\t\t\t\t\t<div class=\"elementor-column elementor-col-100 elementor-top-column elementor-element elementor-element-b9b844a\" data-id=\"b9b844a\" data-element_type=\"column\" data-e-type=\"column\">\n\t\t\t<div class=\"elementor-widget-wrap elementor-element-populated\">\n\t\t\t\t\t\t<div class=\"elementor-element elementor-element-de24b42 elementor-widget elementor-widget-text-editor\" data-id=\"de24b42\" data-element_type=\"widget\" data-e-type=\"widget\" data-widget_type=\"text-editor.default\">\n\t\t\t\t<div class=\"elementor-widget-container\">\n\t\t\t\t\t\t\t\t\t<p><strong>NOSSO ENDERE\u00c7O:<\/strong><\/p><p>Ruta de los cenotes Km 18, Carretera Puerto Morelos, Leona Vicario, 77580 Puerto Morelos, 77500 Canc\u00fan, QROO.<\/p><p><strong>Se voc\u00ea for Canc\u00fan ou Playa del Carmen:<\/strong><\/p><p>Ir\u00e1 demorar 45 minutos de condu\u00e7\u00e3o. Se estiver em Tulum vai demorar pelo menos 1 hora e 45 min, mas se estiver em Puerto Morelos, tem sorte. Voc\u00ea est\u00e1 a apenas 15 minutos de dist\u00e2ncia.<\/p><p><strong>Se voc\u00ea estiver na Zona Hoteleira de Canc\u00fan:<\/strong><\/p><p>Dirija para o sul. Se voc\u00ea estiver vindo de Tulum ou Playa del Carmen, deve dirigir para o norte. Se voc\u00ea estiver vindo de Puerto Morelos, dirija para o oeste.<\/p><p><strong>De visitantes de Canc\u00fan, antes de cruzar Puerto Morelos:<\/strong><\/p><p>Voc\u00ea ver\u00e1 uma placa \u00e0 sua direita para Selvatica que diz 500 metros. Voc\u00ea deve desacelerar e prestar aten\u00e7\u00e3o ao lado direito. Ap\u00f3s 500 metros, vire \u00e0 direita. Voc\u00ea vai dirigir por essa estrada por aproximadamente 15 minutos antes de ver uma grande placa da Selvatica e um estacionamento \u00e0 sua direita. Agora voc\u00ea est\u00e1 no ADVENTURE KINGDOM parab\u00e9ns voc\u00ea chegou.<\/p><p><b>De Playa del Carmen, Tulum ou Akumal, depois de passar Puerto Morelos:<\/b><\/p><p>Disponibilize o primeiro retorno. Se voc\u00ea estiver vindo de Puerto Morelos, dirija em dire\u00e7\u00e3o a Canc\u00fan por um minuto e depois fa\u00e7a o primeiro retorno dispon\u00edvel. Em seguida, siga as instru\u00e7\u00f5es acima. N\u00e3o se esque\u00e7a que Selvatica tem transporte de ida e volta do seu hotel se voc\u00ea estiver pr\u00f3ximo, adicione-o \u00e0 sua reserva agora mesmo!<\/p><p>Outra maneira \u00e9 deixar o Google Maps fazer o trabalho dif\u00edcil para voc\u00ea ou imprimir o mapa abaixo, melhor prevenir do que remediar. Para mais informa\u00e7\u00f5es leia o post sobre como chegar \u00e0 Selvatica em nosso Blog.<\/p>\t\t\t\t\t\t\t\t<\/div>\n\t\t\t\t<\/div>\n\t\t\t\t\t<\/div>\n\t\t<\/div>\n\t\t\t\t\t<\/div>\n\t\t<\/section>\n\t\t\t\t<section class=\"elementor-section elementor-top-section elementor-element elementor-element-a1d4e80 elementor-section-boxed elementor-section-height-default elementor-section-height-default\" data-id=\"a1d4e80\" data-element_type=\"section\" data-e-type=\"section\">\n\t\t\t\t\t\t<div class=\"elementor-container elementor-column-gap-default\">\n\t\t\t\t\t<div class=\"elementor-column elementor-col-100 elementor-top-column elementor-element elementor-element-6eacc18\" data-id=\"6eacc18\" data-element_type=\"column\" data-e-type=\"column\">\n\t\t\t<div class=\"elementor-widget-wrap elementor-element-populated\">\n\t\t\t\t\t\t<div class=\"elementor-element elementor-element-c6141e1 elementor-widget elementor-widget-google_maps\" data-id=\"c6141e1\" data-element_type=\"widget\" data-e-type=\"widget\" data-widget_type=\"google_maps.default\">\n\t\t\t\t<div class=\"elementor-widget-container\">\n\t\t\t\t\t\t\t<div class=\"elementor-custom-embed\">\n\t\t\t<iframe loading=\"lazy\"\n\t\t\t\t\tsrc=\"https:\/\/maps.google.com\/maps?q=Selvatica%20&#038;t=m&#038;z=14&#038;output=embed&#038;iwloc=near\"\n\t\t\t\t\ttitle=\"Selvatica \"\n\t\t\t\t\taria-label=\"Selvatica \"\n\t\t\t><\/iframe>\n\t\t<\/div>\n\t\t\t\t\t\t<\/div>\n\t\t\t\t<\/div>\n\t\t\t\t\t<\/div>\n\t\t<\/div>\n\t\t\t\t\t<\/div>\n\t\t<\/section>\n\t\t\t\t<\/div>\n\t\t","protected":false},"excerpt":{"rendered":"<p>COMO CHEGAR AO SELVATICA Se voc\u00ea est\u00e1 de f\u00e9rias em Canc\u00fan, Riviera Maya, Playa del Carmen ou arredores, explicamos o caminho para Selvatica. NOSSO ENDERE\u00c7O: Ruta de los cenotes Km 18, Carretera Puerto Morelos, Leona Vicario, 77580 Puerto Morelos, 77500 Canc\u00fan, QROO. Se voc\u00ea for Canc\u00fan ou Playa del Carmen: Ir\u00e1 demorar 45 minutos de [&#8230;]<\/p>\n<p><a class=\"btn btn-secondary understrap-read-more-link\" href=\"https:\/\/www.selvatica.com.mx\/pt-br\/como-chegar-ao-selvatica\/\">Leia mais&#8230;<\/a><\/p>\n","protected":false},"author":10,"featured_media":0,"parent":0,"menu_order":0,"comment_status":"closed","ping_status":"closed","template":"elementor_header_footer","meta":{"_acf_changed":false,"footnotes":""},"class_list":["post-4383","page","type-page","status-publish","hentry"],"acf":[],"_links":{"self":[{"href":"https:\/\/www.selvatica.com.mx\/pt-br\/wp-json\/wp\/v2\/pages\/4383","targetHints":{"allow":["GET"]}}],"collection":[{"href":"https:\/\/www.selvatica.com.mx\/pt-br\/wp-json\/wp\/v2\/pages"}],"about":[{"href":"https:\/\/www.selvatica.com.mx\/pt-br\/wp-json\/wp\/v2\/types\/page"}],"author":[{"embeddable":true,"href":"https:\/\/www.selvatica.com.mx\/pt-br\/wp-json\/wp\/v2\/users\/10"}],"replies":[{"embeddable":true,"href":"https:\/\/www.selvatica.com.mx\/pt-br\/wp-json\/wp\/v2\/comments?post=4383"}],"version-history":[{"count":6,"href":"https:\/\/www.selvatica.com.mx\/pt-br\/wp-json\/wp\/v2\/pages\/4383\/revisions"}],"predecessor-version":[{"id":18023,"href":"https:\/\/www.selvatica.com.mx\/pt-br\/wp-json\/wp\/v2\/pages\/4383\/revisions\/18023"}],"wp:attachment":[{"href":"https:\/\/www.selvatica.com.mx\/pt-br\/wp-json\/wp\/v2\/media?parent=4383"}],"curies":[{"name":"wp","href":"https:\/\/api.w.org\/{rel}","templated":true}]}}