{"id":4389,"date":"2020-12-04T22:08:50","date_gmt":"2020-12-04T22:08:50","guid":{"rendered":"https:\/\/www.selvatica.com.mx\/?page_id=4389"},"modified":"2022-11-21T15:34:02","modified_gmt":"2022-11-21T15:34:02","slug":"politica-de-cancelamento","status":"publish","type":"page","link":"https:\/\/www.selvatica.com.mx\/pt-br\/politica-de-cancelamento\/","title":{"rendered":"Pol\u00edtica de cancelamento"},"content":{"rendered":"\t\t<div data-elementor-type=\"wp-page\" data-elementor-id=\"4389\" class=\"elementor elementor-4389 elementor-4195\" data-elementor-post-type=\"page\">\n\t\t\t\t\t\t<section class=\"elementor-section elementor-top-section elementor-element elementor-element-b8b1883 elementor-section-boxed elementor-section-height-default elementor-section-height-default\" data-id=\"b8b1883\" data-element_type=\"section\" data-e-type=\"section\">\n\t\t\t\t\t\t<div class=\"elementor-container elementor-column-gap-default\">\n\t\t\t\t\t<div class=\"elementor-column elementor-col-100 elementor-top-column elementor-element elementor-element-648d896\" data-id=\"648d896\" data-element_type=\"column\" data-e-type=\"column\">\n\t\t\t<div class=\"elementor-widget-wrap elementor-element-populated\">\n\t\t\t\t\t\t<div class=\"elementor-element elementor-element-dfdd3a6 elementor-widget elementor-widget-heading\" data-id=\"dfdd3a6\" data-element_type=\"widget\" data-e-type=\"widget\" data-widget_type=\"heading.default\">\n\t\t\t\t<div class=\"elementor-widget-container\">\n\t\t\t\t\t<h1 class=\"elementor-heading-title elementor-size-default\">Pol\u00edtica de cancelamento<\/h1>\t\t\t\t<\/div>\n\t\t\t\t<\/div>\n\t\t\t\t<div class=\"elementor-element elementor-element-2dfc7be elementor-widget elementor-widget-text-editor\" data-id=\"2dfc7be\" data-element_type=\"widget\" data-e-type=\"widget\" data-widget_type=\"text-editor.default\">\n\t\t\t\t<div class=\"elementor-widget-container\">\n\t\t\t\t\t\t\t\t\t<p>Observe que n\u00e3o h\u00e1 reembolso nos pre\u00e7os com desconto, se voc\u00ea precisar alterar sua reserva, voc\u00ea deve faz\u00ea-lo pelo menos 24 horas antes da data de reserva confirmada (todas as altera\u00e7\u00f5es est\u00e3o sujeitas a disponibilidade).<\/p><p>Seis meses de cr\u00e9dito v\u00e1lido para a mesma ou qualquer outra experi\u00eancia Selvatica com o mesmo valor, ser\u00e3o concedidos se necess\u00e1rio para reescalonamento.<\/p><p>Para agendar uma nova data entre em contato com nossa equipe de reservas.<\/p><p>Para reembolsar o cancelamento de uma reserva paga integralmente, voc\u00ea deve faz\u00ea-lo pelo menos 3 dias antes da data de confirma\u00e7\u00e3o da reserva, com um custo de 10% do valor total.<\/p><p>NO SHOW:<\/p><p>Pedimos aos nossos visitantes que estejam no local pelo menos meia hora antes do hor\u00e1rio confirmado para o seu passeio. Em caso de n\u00e3o comparecimento, o valor cobrado n\u00e3o \u00e9 reembols\u00e1vel.<\/p><p>GARANTIA CLIM\u00c1TICA:<\/p><p>Se desejar reagendar seu passeio, ligue para n\u00f3s com 24 horas de anteced\u00eancia e iremos reagendar sua visita. E caso n\u00e3o se enquadre em seu plano de f\u00e9rias, sua reserva \u00e9 v\u00e1lida por um ano a partir da data da compra.<\/p><p>IMPORTANTE:<\/p><p>* Seu tour ser\u00e1 confirmado, podemos remarcar sua retirada.<br \/>** \u00c9 necess\u00e1rio que o titular do cart\u00e3o de cr\u00e9dito com quem foi efetuado o pagamento seja apresentado um documento de identifica\u00e7\u00e3o com fotografia.<br \/>Caso contr\u00e1rio, sua reserva n\u00e3o ser\u00e1 v\u00e1lida.<\/p>\t\t\t\t\t\t\t\t<\/div>\n\t\t\t\t<\/div>\n\t\t\t\t\t<\/div>\n\t\t<\/div>\n\t\t\t\t\t<\/div>\n\t\t<\/section>\n\t\t\t\t<\/div>\n\t\t","protected":false},"excerpt":{"rendered":"<p>Pol\u00edtica de cancelamento Observe que n\u00e3o h\u00e1 reembolso nos pre\u00e7os com desconto, se voc\u00ea precisar alterar sua reserva, voc\u00ea deve faz\u00ea-lo pelo menos 24 horas antes da data de reserva confirmada (todas as altera\u00e7\u00f5es est\u00e3o sujeitas a disponibilidade). Seis meses de cr\u00e9dito v\u00e1lido para a mesma ou qualquer outra experi\u00eancia Selvatica com o mesmo valor, [&#8230;]<\/p>\n<p><a class=\"btn btn-secondary understrap-read-more-link\" href=\"https:\/\/www.selvatica.com.mx\/pt-br\/politica-de-cancelamento\/\">Leia mais&#8230;<\/a><\/p>\n","protected":false},"author":10,"featured_media":0,"parent":0,"menu_order":0,"comment_status":"closed","ping_status":"closed","template":"","meta":{"_acf_changed":false,"footnotes":""},"class_list":["post-4389","page","type-page","status-publish","hentry"],"acf":[],"_links":{"self":[{"href":"https:\/\/www.selvatica.com.mx\/pt-br\/wp-json\/wp\/v2\/pages\/4389","targetHints":{"allow":["GET"]}}],"collection":[{"href":"https:\/\/www.selvatica.com.mx\/pt-br\/wp-json\/wp\/v2\/pages"}],"about":[{"href":"https:\/\/www.selvatica.com.mx\/pt-br\/wp-json\/wp\/v2\/types\/page"}],"author":[{"embeddable":true,"href":"https:\/\/www.selvatica.com.mx\/pt-br\/wp-json\/wp\/v2\/users\/10"}],"replies":[{"embeddable":true,"href":"https:\/\/www.selvatica.com.mx\/pt-br\/wp-json\/wp\/v2\/comments?post=4389"}],"version-history":[{"count":2,"href":"https:\/\/www.selvatica.com.mx\/pt-br\/wp-json\/wp\/v2\/pages\/4389\/revisions"}],"predecessor-version":[{"id":18000,"href":"https:\/\/www.selvatica.com.mx\/pt-br\/wp-json\/wp\/v2\/pages\/4389\/revisions\/18000"}],"wp:attachment":[{"href":"https:\/\/www.selvatica.com.mx\/pt-br\/wp-json\/wp\/v2\/media?parent=4389"}],"curies":[{"name":"wp","href":"https:\/\/api.w.org\/{rel}","templated":true}]}}