{"id":4408,"date":"2020-12-04T20:57:14","date_gmt":"2020-12-04T20:57:14","guid":{"rendered":"https:\/\/www.selvatica.com.mx\/?page_id=4408"},"modified":"2022-11-21T17:42:52","modified_gmt":"2022-11-21T17:42:52","slug":"compromisso-social","status":"publish","type":"page","link":"https:\/\/www.selvatica.com.mx\/pt-br\/compromisso-social\/","title":{"rendered":"Compromisso-social"},"content":{"rendered":"\t\t<div data-elementor-type=\"wp-page\" data-elementor-id=\"4408\" class=\"elementor elementor-4408 elementor-3922\" data-elementor-post-type=\"page\">\n\t\t\t\t\t\t<section class=\"elementor-section elementor-top-section elementor-element elementor-element-4f788db8 elementor-section-boxed elementor-section-height-default elementor-section-height-default\" data-id=\"4f788db8\" data-element_type=\"section\" data-e-type=\"section\">\n\t\t\t\t\t\t<div class=\"elementor-container elementor-column-gap-default\">\n\t\t\t\t\t<div class=\"elementor-column elementor-col-100 elementor-top-column elementor-element elementor-element-61049a03\" data-id=\"61049a03\" data-element_type=\"column\" data-e-type=\"column\">\n\t\t\t<div class=\"elementor-widget-wrap elementor-element-populated\">\n\t\t\t\t\t\t<div class=\"elementor-element elementor-element-4fa2b7e8 elementor-widget elementor-widget-image\" data-id=\"4fa2b7e8\" data-element_type=\"widget\" data-e-type=\"widget\" data-widget_type=\"image.default\">\n\t\t\t\t<div class=\"elementor-widget-container\">\n\t\t\t\t\t\t\t\t\t\t\t\t\t\t\t<img fetchpriority=\"high\" decoding=\"async\" width=\"1450\" height=\"425\" src=\"https:\/\/images.selvatica.com.mx\/img\/2021\/07\/selvatica-cares-about-community.jpg\" class=\"attachment-full size-full wp-image-4065\" alt=\"\" srcset=\"https:\/\/images.selvatica.com.mx\/img\/2021\/07\/selvatica-cares-about-community-300x88.jpg 300w, https:\/\/images.selvatica.com.mx\/img\/2021\/07\/selvatica-cares-about-community-1024x300.jpg 1024w, https:\/\/images.selvatica.com.mx\/img\/2021\/07\/selvatica-cares-about-community-768x225.jpg 768w, https:\/\/images.selvatica.com.mx\/img\/2021\/07\/selvatica-cares-about-community.jpg 1450w\" sizes=\"(max-width: 1450px) 100vw, 1450px\" \/>\t\t\t\t\t\t\t\t\t\t\t\t\t\t\t<\/div>\n\t\t\t\t<\/div>\n\t\t\t\t\t<\/div>\n\t\t<\/div>\n\t\t\t\t\t<\/div>\n\t\t<\/section>\n\t\t\t\t<section class=\"elementor-section elementor-top-section elementor-element elementor-element-f5de1b4 elementor-section-boxed elementor-section-height-default elementor-section-height-default\" data-id=\"f5de1b4\" data-element_type=\"section\" data-e-type=\"section\">\n\t\t\t\t\t\t<div class=\"elementor-container elementor-column-gap-default\">\n\t\t\t\t\t<div class=\"elementor-column elementor-col-50 elementor-top-column elementor-element elementor-element-f12cac7\" data-id=\"f12cac7\" data-element_type=\"column\" data-e-type=\"column\">\n\t\t\t<div class=\"elementor-widget-wrap elementor-element-populated\">\n\t\t\t\t\t\t<div class=\"elementor-element elementor-element-a6773f3 elementor-widget elementor-widget-image\" data-id=\"a6773f3\" data-element_type=\"widget\" data-e-type=\"widget\" data-widget_type=\"image.default\">\n\t\t\t\t<div class=\"elementor-widget-container\">\n\t\t\t\t\t\t\t\t\t\t\t\t\t\t\t<img decoding=\"async\" width=\"640\" height=\"429\" src=\"https:\/\/images.selvatica.com.mx\/img\/2021\/07\/selvatica-fundacion.jpg\" class=\"attachment-large size-large wp-image-4038\" alt=\"\" srcset=\"https:\/\/images.selvatica.com.mx\/img\/2021\/07\/selvatica-fundacion-300x201.jpg 300w, https:\/\/images.selvatica.com.mx\/img\/2021\/07\/selvatica-fundacion-768x515.jpg 768w, https:\/\/images.selvatica.com.mx\/img\/2021\/07\/selvatica-fundacion.jpg 945w\" sizes=\"(max-width: 640px) 100vw, 640px\" \/>\t\t\t\t\t\t\t\t\t\t\t\t\t\t\t<\/div>\n\t\t\t\t<\/div>\n\t\t\t\t\t<\/div>\n\t\t<\/div>\n\t\t\t\t<div class=\"elementor-column elementor-col-50 elementor-top-column elementor-element elementor-element-7e5edaf\" data-id=\"7e5edaf\" data-element_type=\"column\" data-e-type=\"column\">\n\t\t\t<div class=\"elementor-widget-wrap elementor-element-populated\">\n\t\t\t\t\t\t<div class=\"elementor-element elementor-element-f8f0ff1 elementor-widget elementor-widget-text-editor\" data-id=\"f8f0ff1\" data-element_type=\"widget\" data-e-type=\"widget\" data-widget_type=\"text-editor.default\">\n\t\t\t\t<div class=\"elementor-widget-container\">\n\t\t\t\t\t\t\t\t\t<h2>NOSSO POVO<\/h2>\n<h4>Selvatica realmente se preocupa com sua comunidade.<\/h4>\nIsso n\u00e3o \u00e9 apenas um discurso promocional. Apoiamos nossas palavras com a \u00fanica coisa que importa a\u00e7\u00e3o! Selvatica faz uma abordagem pr\u00e1tica para melhorar a vida de jovens pobres. Esta n\u00e3o \u00e9 uma tarefa f\u00e1cil. \u00c9 por isso que estamos convidando voc\u00ea a se juntar \u00e0 nossa causa e participar. Tamb\u00e9m pedimos que voc\u00ea estenda a m\u00e3o para o Programa M\u00e3os Que Ajudam da Selvatica, chamado Programa \u201cManos de Apoyo\u201d.\t\t\t\t\t\t\t\t<\/div>\n\t\t\t\t<\/div>\n\t\t\t\t\t<\/div>\n\t\t<\/div>\n\t\t\t\t\t<\/div>\n\t\t<\/section>\n\t\t\t\t<section class=\"elementor-section elementor-top-section elementor-element elementor-element-d28dc96 elementor-section-full_width elementor-section-height-default elementor-section-height-default\" data-id=\"d28dc96\" data-element_type=\"section\" data-e-type=\"section\" data-settings=\"{&quot;background_background&quot;:&quot;classic&quot;}\">\n\t\t\t\t\t\t<div class=\"elementor-container elementor-column-gap-default\">\n\t\t\t\t\t<div class=\"elementor-column elementor-col-100 elementor-top-column elementor-element elementor-element-2d069d9\" data-id=\"2d069d9\" data-element_type=\"column\" data-e-type=\"column\">\n\t\t\t<div class=\"elementor-widget-wrap elementor-element-populated\">\n\t\t\t\t\t\t<section class=\"elementor-section elementor-inner-section elementor-element elementor-element-e1c2ca5 elementor-section-boxed elementor-section-height-default elementor-section-height-default\" data-id=\"e1c2ca5\" data-element_type=\"section\" data-e-type=\"section\">\n\t\t\t\t\t\t<div class=\"elementor-container elementor-column-gap-default\">\n\t\t\t\t\t<div class=\"elementor-column elementor-col-50 elementor-inner-column elementor-element elementor-element-0bd31c5\" data-id=\"0bd31c5\" data-element_type=\"column\" data-e-type=\"column\">\n\t\t\t<div class=\"elementor-widget-wrap elementor-element-populated\">\n\t\t\t\t\t\t<div class=\"elementor-element elementor-element-a3d3385 elementor-widget elementor-widget-text-editor\" data-id=\"a3d3385\" data-element_type=\"widget\" data-e-type=\"widget\" data-widget_type=\"text-editor.default\">\n\t\t\t\t<div class=\"elementor-widget-container\">\n\t\t\t\t\t\t\t\t\t<h2 style=\"text-align: left;\">NOSSO PLANETA<\/h2>\n<h4 style=\"text-align: left;\">Como voc\u00ea sabe, o planeta Terra est\u00e1 com problemas.<\/h4>\nA cada dia, mais \u00e1rvores s\u00e3o v\u00edtimas do desmatamento e, ao mesmo tempo, mais carbono \u00e9 liberado no ar por meio da polui\u00e7\u00e3o. O resultado \u00e9 que o oxig\u00eanio respir\u00e1vel limpo \u00e9 substitu\u00eddo pela polui\u00e7\u00e3o t\u00f3xica \u00e0 base de carbono. Algo deve ser feito. \u00c9 por isso que Selvatica est\u00e1 pedindo sua ajuda. Junte-se a n\u00f3s em nosso esfor\u00e7o para reduzir a pegada de carbono.\n\nO Programa Semente da Vida da Selvatica plantou mais de 300.000 \u00e1rvores! Precisamos de sua ajuda para manter esse n\u00famero crescendo. Voc\u00ea pode ter uma influ\u00eancia direta plantando pessoalmente uma semente que, por sua vez, ajudar\u00e1 nosso planeta a respirar mais facilmente. Cada pessoa e cada semente fazem a diferen\u00e7a. Juntos, nosso programa Seed of Life \u00e9 respons\u00e1vel por absorver mais de 7,8 MILH\u00d5ES de toneladas de CO2 a cada ANO.\n\nParticipe de nossos esfor\u00e7os e ajude os Selvatica a deixar a Terra um lugar melhor do que o encontramos. Devemos isso a n\u00f3s mesmos e, mais importante, devemos isso \u00e0 humanidade do futuro!\n\nNosso \u201cPrograma Manos de Apoyo\u201d ajuda a fornecer equipamentos \/ ligas esportivas e treinamento t\u00e9cnico para mais de 100 ex-membros de gangues juvenis. Com sua ajuda, podemos reabilitar esses jovens problem\u00e1ticos e abrir um caminho novo e positivo para eles seguirem.\nJuntos podemos fazer a diferen\u00e7a!\t\t\t\t\t\t\t\t<\/div>\n\t\t\t\t<\/div>\n\t\t\t\t\t<\/div>\n\t\t<\/div>\n\t\t\t\t<div class=\"elementor-column elementor-col-50 elementor-inner-column elementor-element elementor-element-c447cf4\" data-id=\"c447cf4\" data-element_type=\"column\" data-e-type=\"column\">\n\t\t\t<div class=\"elementor-widget-wrap elementor-element-populated\">\n\t\t\t\t\t\t<div class=\"elementor-element elementor-element-04b4d8c elementor-widget elementor-widget-image\" data-id=\"04b4d8c\" data-element_type=\"widget\" data-e-type=\"widget\" data-widget_type=\"image.default\">\n\t\t\t\t<div class=\"elementor-widget-container\">\n\t\t\t\t\t\t\t\t\t\t\t\t\t\t\t<img decoding=\"async\" width=\"640\" height=\"429\" src=\"https:\/\/images.selvatica.com.mx\/img\/2021\/07\/selvatica-life.jpg\" class=\"attachment-large size-large wp-image-4045\" alt=\"\" srcset=\"https:\/\/images.selvatica.com.mx\/img\/2021\/07\/selvatica-life-300x201.jpg 300w, https:\/\/images.selvatica.com.mx\/img\/2021\/07\/selvatica-life-768x515.jpg 768w, https:\/\/images.selvatica.com.mx\/img\/2021\/07\/selvatica-life.jpg 945w\" sizes=\"(max-width: 640px) 100vw, 640px\" \/>\t\t\t\t\t\t\t\t\t\t\t\t\t\t\t<\/div>\n\t\t\t\t<\/div>\n\t\t\t\t\t<\/div>\n\t\t<\/div>\n\t\t\t\t\t<\/div>\n\t\t<\/section>\n\t\t\t\t\t<\/div>\n\t\t<\/div>\n\t\t\t\t\t<\/div>\n\t\t<\/section>\n\t\t\t\t<section class=\"elementor-section elementor-top-section elementor-element elementor-element-befc14a elementor-section-boxed elementor-section-height-default elementor-section-height-default\" data-id=\"befc14a\" data-element_type=\"section\" data-e-type=\"section\">\n\t\t\t\t\t\t<div class=\"elementor-container elementor-column-gap-default\">\n\t\t\t\t\t<div class=\"elementor-column elementor-col-50 elementor-top-column elementor-element elementor-element-f908bd0\" data-id=\"f908bd0\" data-element_type=\"column\" data-e-type=\"column\">\n\t\t\t<div class=\"elementor-widget-wrap elementor-element-populated\">\n\t\t\t\t\t\t<div class=\"elementor-element elementor-element-52172e2 elementor-widget elementor-widget-image\" data-id=\"52172e2\" data-element_type=\"widget\" data-e-type=\"widget\" data-widget_type=\"image.default\">\n\t\t\t\t<div class=\"elementor-widget-container\">\n\t\t\t\t\t\t\t\t\t\t\t\t\t\t\t<img loading=\"lazy\" decoding=\"async\" width=\"640\" height=\"429\" src=\"https:\/\/images.selvatica.com.mx\/img\/2021\/07\/selvatica-team.jpg\" class=\"attachment-large size-large wp-image-4056\" alt=\"Compromiso Social\" srcset=\"https:\/\/images.selvatica.com.mx\/img\/2021\/07\/selvatica-team-300x201.jpg 300w, https:\/\/images.selvatica.com.mx\/img\/2021\/07\/selvatica-team-768x515.jpg 768w, https:\/\/images.selvatica.com.mx\/img\/2021\/07\/selvatica-team.jpg 945w\" sizes=\"(max-width: 640px) 100vw, 640px\" \/>\t\t\t\t\t\t\t\t\t\t\t\t\t\t\t<\/div>\n\t\t\t\t<\/div>\n\t\t\t\t\t<\/div>\n\t\t<\/div>\n\t\t\t\t<div class=\"elementor-column elementor-col-50 elementor-top-column elementor-element elementor-element-1d2aad6\" data-id=\"1d2aad6\" data-element_type=\"column\" data-e-type=\"column\">\n\t\t\t<div class=\"elementor-widget-wrap elementor-element-populated\">\n\t\t\t\t\t\t<div class=\"elementor-element elementor-element-f9fa096 elementor-widget elementor-widget-text-editor\" data-id=\"f9fa096\" data-element_type=\"widget\" data-e-type=\"widget\" data-widget_type=\"text-editor.default\">\n\t\t\t\t<div class=\"elementor-widget-container\">\n\t\t\t\t\t\t\t\t\t<h2>NOSSA TRIBO<\/h2><h4>A Tribo Selvatica precisa que voc\u00ea entre em nossas fileiras.<\/h4><p>Precisamos de voc\u00ea, para nos fortalecermos para podermos cumprir nosso compromisso com a comunidade. Ao se iniciar na tribo de Selvatica, voc\u00ea est\u00e1 se juntando \u00e0 nossa luta para tornar o mundo um lugar melhor.<\/p><p>Esta \u00e9 sua chance de retribuir participando de uma causa social maior do que voc\u00ea. Todos os membros da nossa tribo concordam que n\u00e3o h\u00e1 nada mais gratificante do que dar uma m\u00e3o amiga. Todos falam sobre tornar o mundo um lugar melhor, mas poucos agem. D\u00ea o exemplo a todos os seus amigos e familiares. Lidere o ataque e junte-se \u00e0 tribo.<\/p><p>Torne-se um Cidad\u00e3o da Selva hoje!<\/p>\t\t\t\t\t\t\t\t<\/div>\n\t\t\t\t<\/div>\n\t\t\t\t\t<\/div>\n\t\t<\/div>\n\t\t\t\t\t<\/div>\n\t\t<\/section>\n\t\t\t\t<\/div>\n\t\t","protected":false},"excerpt":{"rendered":"<p>NOSSO POVO Selvatica realmente se preocupa com sua comunidade. Isso n\u00e3o \u00e9 apenas um discurso promocional. Apoiamos nossas palavras com a \u00fanica coisa que importa a\u00e7\u00e3o! Selvatica faz uma abordagem pr\u00e1tica para melhorar a vida de jovens pobres. Esta n\u00e3o \u00e9 uma tarefa f\u00e1cil. \u00c9 por isso que estamos convidando voc\u00ea a se juntar \u00e0 [&#8230;]<\/p>\n<p><a class=\"btn btn-secondary understrap-read-more-link\" href=\"https:\/\/www.selvatica.com.mx\/pt-br\/compromisso-social\/\">Leia mais&#8230;<\/a><\/p>\n","protected":false},"author":10,"featured_media":0,"parent":0,"menu_order":0,"comment_status":"closed","ping_status":"closed","template":"","meta":{"_acf_changed":false,"footnotes":""},"class_list":["post-4408","page","type-page","status-publish","hentry"],"acf":[],"_links":{"self":[{"href":"https:\/\/www.selvatica.com.mx\/pt-br\/wp-json\/wp\/v2\/pages\/4408","targetHints":{"allow":["GET"]}}],"collection":[{"href":"https:\/\/www.selvatica.com.mx\/pt-br\/wp-json\/wp\/v2\/pages"}],"about":[{"href":"https:\/\/www.selvatica.com.mx\/pt-br\/wp-json\/wp\/v2\/types\/page"}],"author":[{"embeddable":true,"href":"https:\/\/www.selvatica.com.mx\/pt-br\/wp-json\/wp\/v2\/users\/10"}],"replies":[{"embeddable":true,"href":"https:\/\/www.selvatica.com.mx\/pt-br\/wp-json\/wp\/v2\/comments?post=4408"}],"version-history":[{"count":1,"href":"https:\/\/www.selvatica.com.mx\/pt-br\/wp-json\/wp\/v2\/pages\/4408\/revisions"}],"predecessor-version":[{"id":18031,"href":"https:\/\/www.selvatica.com.mx\/pt-br\/wp-json\/wp\/v2\/pages\/4408\/revisions\/18031"}],"wp:attachment":[{"href":"https:\/\/www.selvatica.com.mx\/pt-br\/wp-json\/wp\/v2\/media?parent=4408"}],"curies":[{"name":"wp","href":"https:\/\/api.w.org\/{rel}","templated":true}]}}